{"id":2333,"date":"2024-01-25T11:39:12","date_gmt":"2024-01-25T10:39:12","guid":{"rendered":"https:\/\/madtools.it\/camme-e-attrezzature\/"},"modified":"2024-05-21T15:13:21","modified_gmt":"2024-05-21T13:13:21","slug":"krzywki-i-sprzet","status":"publish","type":"page","link":"https:\/\/madtools.it\/pl\/krzywki-i-sprzet\/","title":{"rendered":"Krzywki i sprz\u0119t"},"content":{"rendered":"\n<h1 class=\"wp-block-heading\">Krzywki i sprz\u0119t<\/h1>\n\n\n\n<p>Nasze dziesi\u0105tki lat do\u015bwiadczenia w bran\u017cy tokarek wielowrzecionowych pozwalaj\u0105 nam opracowywa\u0107 i produkowa\u0107 specjalistyczne krzywki i specjalne wyposa\u017cenie, dostosowane do Twoich potrzeb. Ka\u017cdy z nich jest zbudowany z rzemie\u015blnicz\u0105 precyzj\u0105, dostosowuj\u0105c si\u0119 do cyklu pracy i charakterystyki Twojej maszyny.<\/p>\n","protected":false},"excerpt":{"rendered":"<p>Krzywki i sprz\u0119t Nasze dziesi\u0105tki lat do\u015bwiadczenia w bran\u017cy tokarek wielowrzecionowych pozwalaj\u0105 nam opracowywa\u0107 i produkowa\u0107 specjalistyczne krzywki i specjalne wyposa\u017cenie, dostosowane do Twoich potrzeb. Ka\u017cdy z nich jest zbudowany z rzemie\u015blnicz\u0105 precyzj\u0105, dostosowuj\u0105c si\u0119 do cyklu pracy i charakterystyki Twojej maszyny.<\/p>\n","protected":false},"author":1,"featured_media":2184,"parent":0,"menu_order":1,"comment_status":"closed","ping_status":"closed","template":"templates\/attrezzature.php","meta":{"_acf_changed":false,"inline_featured_image":false,"footnotes":""},"class_list":["post-2333","page","type-page","status-publish","has-post-thumbnail","hentry"],"acf":[],"yoast_head":"<!-- This site is optimized with the Yoast SEO plugin v27.3 - https:\/\/yoast.com\/product\/yoast-seo-wordpress\/ -->\n<title>Krzywki i sprz\u0119t - MadTools<\/title>\n<meta name=\"robots\" content=\"index, follow, max-snippet:-1, max-image-preview:large, max-video-preview:-1\" \/>\n<link rel=\"canonical\" href=\"https:\/\/madtools.it\/pl\/krzywki-i-sprzet\/\" \/>\n<meta property=\"og:locale\" content=\"pl_PL\" \/>\n<meta property=\"og:type\" content=\"article\" \/>\n<meta property=\"og:title\" content=\"Krzywki i sprz\u0119t - MadTools\" \/>\n<meta property=\"og:description\" content=\"Krzywki i sprz\u0119t Nasze dziesi\u0105tki lat do\u015bwiadczenia w bran\u017cy tokarek wielowrzecionowych pozwalaj\u0105 nam opracowywa\u0107 i produkowa\u0107 specjalistyczne krzywki i specjalne wyposa\u017cenie, dostosowane do Twoich potrzeb. Ka\u017cdy z nich jest zbudowany z rzemie\u015blnicz\u0105 precyzj\u0105, dostosowuj\u0105c si\u0119 do cyklu pracy i charakterystyki Twojej maszyny.\" \/>\n<meta property=\"og:url\" content=\"https:\/\/madtools.it\/pl\/krzywki-i-sprzet\/\" \/>\n<meta property=\"og:site_name\" content=\"MadTools\" \/>\n<meta property=\"article:modified_time\" content=\"2024-05-21T13:13:21+00:00\" \/>\n<meta property=\"og:image\" content=\"https:\/\/madtools.it\/wp-content\/uploads\/2024\/02\/02PRODOTTI_camme_e_attrezzature_hero-1.jpg\" \/>\n\t<meta property=\"og:image:width\" content=\"1024\" \/>\n\t<meta property=\"og:image:height\" content=\"683\" \/>\n\t<meta property=\"og:image:type\" content=\"image\/jpeg\" \/>\n<meta name=\"twitter:card\" content=\"summary_large_image\" \/>\n<meta name=\"twitter:label1\" content=\"Szacowany czas czytania\" \/>\n\t<meta name=\"twitter:data1\" content=\"1 minuta\" \/>\n<script type=\"application\/ld+json\" class=\"yoast-schema-graph\">{\"@context\":\"https:\\\/\\\/schema.org\",\"@graph\":[{\"@type\":\"WebPage\",\"@id\":\"https:\\\/\\\/madtools.it\\\/pl\\\/krzywki-i-sprzet\\\/\",\"url\":\"https:\\\/\\\/madtools.it\\\/pl\\\/krzywki-i-sprzet\\\/\",\"name\":\"Krzywki i sprz\u0119t - MadTools\",\"isPartOf\":{\"@id\":\"https:\\\/\\\/madtools.it\\\/#website\"},\"primaryImageOfPage\":{\"@id\":\"https:\\\/\\\/madtools.it\\\/pl\\\/krzywki-i-sprzet\\\/#primaryimage\"},\"image\":{\"@id\":\"https:\\\/\\\/madtools.it\\\/pl\\\/krzywki-i-sprzet\\\/#primaryimage\"},\"thumbnailUrl\":\"https:\\\/\\\/madtools.it\\\/wp-content\\\/uploads\\\/2024\\\/02\\\/02PRODOTTI_camme_e_attrezzature_hero-1.jpg\",\"datePublished\":\"2024-01-25T10:39:12+00:00\",\"dateModified\":\"2024-05-21T13:13:21+00:00\",\"breadcrumb\":{\"@id\":\"https:\\\/\\\/madtools.it\\\/pl\\\/krzywki-i-sprzet\\\/#breadcrumb\"},\"inLanguage\":\"pl-PL\",\"potentialAction\":[{\"@type\":\"ReadAction\",\"target\":[\"https:\\\/\\\/madtools.it\\\/pl\\\/krzywki-i-sprzet\\\/\"]}]},{\"@type\":\"ImageObject\",\"inLanguage\":\"pl-PL\",\"@id\":\"https:\\\/\\\/madtools.it\\\/pl\\\/krzywki-i-sprzet\\\/#primaryimage\",\"url\":\"https:\\\/\\\/madtools.it\\\/wp-content\\\/uploads\\\/2024\\\/02\\\/02PRODOTTI_camme_e_attrezzature_hero-1.jpg\",\"contentUrl\":\"https:\\\/\\\/madtools.it\\\/wp-content\\\/uploads\\\/2024\\\/02\\\/02PRODOTTI_camme_e_attrezzature_hero-1.jpg\",\"width\":1024,\"height\":683},{\"@type\":\"BreadcrumbList\",\"@id\":\"https:\\\/\\\/madtools.it\\\/pl\\\/krzywki-i-sprzet\\\/#breadcrumb\",\"itemListElement\":[{\"@type\":\"ListItem\",\"position\":1,\"name\":\"Home\",\"item\":\"https:\\\/\\\/madtools.it\\\/pl\\\/\"},{\"@type\":\"ListItem\",\"position\":2,\"name\":\"Krzywki i sprz\u0119t\"}]},{\"@type\":\"WebSite\",\"@id\":\"https:\\\/\\\/madtools.it\\\/#website\",\"url\":\"https:\\\/\\\/madtools.it\\\/\",\"name\":\"MadTools\",\"description\":\"\",\"potentialAction\":[{\"@type\":\"SearchAction\",\"target\":{\"@type\":\"EntryPoint\",\"urlTemplate\":\"https:\\\/\\\/madtools.it\\\/?s={search_term_string}\"},\"query-input\":{\"@type\":\"PropertyValueSpecification\",\"valueRequired\":true,\"valueName\":\"search_term_string\"}}],\"inLanguage\":\"pl-PL\"}]}<\/script>\n<!-- \/ Yoast SEO plugin. -->","yoast_head_json":{"title":"Krzywki i sprz\u0119t - MadTools","robots":{"index":"index","follow":"follow","max-snippet":"max-snippet:-1","max-image-preview":"max-image-preview:large","max-video-preview":"max-video-preview:-1"},"canonical":"https:\/\/madtools.it\/pl\/krzywki-i-sprzet\/","og_locale":"pl_PL","og_type":"article","og_title":"Krzywki i sprz\u0119t - MadTools","og_description":"Krzywki i sprz\u0119t Nasze dziesi\u0105tki lat do\u015bwiadczenia w bran\u017cy tokarek wielowrzecionowych pozwalaj\u0105 nam opracowywa\u0107 i produkowa\u0107 specjalistyczne krzywki i specjalne wyposa\u017cenie, dostosowane do Twoich potrzeb. Ka\u017cdy z nich jest zbudowany z rzemie\u015blnicz\u0105 precyzj\u0105, dostosowuj\u0105c si\u0119 do cyklu pracy i charakterystyki Twojej maszyny.","og_url":"https:\/\/madtools.it\/pl\/krzywki-i-sprzet\/","og_site_name":"MadTools","article_modified_time":"2024-05-21T13:13:21+00:00","og_image":[{"width":1024,"height":683,"url":"https:\/\/madtools.it\/wp-content\/uploads\/2024\/02\/02PRODOTTI_camme_e_attrezzature_hero-1.jpg","type":"image\/jpeg"}],"twitter_card":"summary_large_image","twitter_misc":{"Szacowany czas czytania":"1 minuta"},"schema":{"@context":"https:\/\/schema.org","@graph":[{"@type":"WebPage","@id":"https:\/\/madtools.it\/pl\/krzywki-i-sprzet\/","url":"https:\/\/madtools.it\/pl\/krzywki-i-sprzet\/","name":"Krzywki i sprz\u0119t - MadTools","isPartOf":{"@id":"https:\/\/madtools.it\/#website"},"primaryImageOfPage":{"@id":"https:\/\/madtools.it\/pl\/krzywki-i-sprzet\/#primaryimage"},"image":{"@id":"https:\/\/madtools.it\/pl\/krzywki-i-sprzet\/#primaryimage"},"thumbnailUrl":"https:\/\/madtools.it\/wp-content\/uploads\/2024\/02\/02PRODOTTI_camme_e_attrezzature_hero-1.jpg","datePublished":"2024-01-25T10:39:12+00:00","dateModified":"2024-05-21T13:13:21+00:00","breadcrumb":{"@id":"https:\/\/madtools.it\/pl\/krzywki-i-sprzet\/#breadcrumb"},"inLanguage":"pl-PL","potentialAction":[{"@type":"ReadAction","target":["https:\/\/madtools.it\/pl\/krzywki-i-sprzet\/"]}]},{"@type":"ImageObject","inLanguage":"pl-PL","@id":"https:\/\/madtools.it\/pl\/krzywki-i-sprzet\/#primaryimage","url":"https:\/\/madtools.it\/wp-content\/uploads\/2024\/02\/02PRODOTTI_camme_e_attrezzature_hero-1.jpg","contentUrl":"https:\/\/madtools.it\/wp-content\/uploads\/2024\/02\/02PRODOTTI_camme_e_attrezzature_hero-1.jpg","width":1024,"height":683},{"@type":"BreadcrumbList","@id":"https:\/\/madtools.it\/pl\/krzywki-i-sprzet\/#breadcrumb","itemListElement":[{"@type":"ListItem","position":1,"name":"Home","item":"https:\/\/madtools.it\/pl\/"},{"@type":"ListItem","position":2,"name":"Krzywki i sprz\u0119t"}]},{"@type":"WebSite","@id":"https:\/\/madtools.it\/#website","url":"https:\/\/madtools.it\/","name":"MadTools","description":"","potentialAction":[{"@type":"SearchAction","target":{"@type":"EntryPoint","urlTemplate":"https:\/\/madtools.it\/?s={search_term_string}"},"query-input":{"@type":"PropertyValueSpecification","valueRequired":true,"valueName":"search_term_string"}}],"inLanguage":"pl-PL"}]}},"_links":{"self":[{"href":"https:\/\/madtools.it\/pl\/wp-json\/wp\/v2\/pages\/2333","targetHints":{"allow":["GET"]}}],"collection":[{"href":"https:\/\/madtools.it\/pl\/wp-json\/wp\/v2\/pages"}],"about":[{"href":"https:\/\/madtools.it\/pl\/wp-json\/wp\/v2\/types\/page"}],"author":[{"embeddable":true,"href":"https:\/\/madtools.it\/pl\/wp-json\/wp\/v2\/users\/1"}],"replies":[{"embeddable":true,"href":"https:\/\/madtools.it\/pl\/wp-json\/wp\/v2\/comments?post=2333"}],"version-history":[{"count":2,"href":"https:\/\/madtools.it\/pl\/wp-json\/wp\/v2\/pages\/2333\/revisions"}],"predecessor-version":[{"id":2337,"href":"https:\/\/madtools.it\/pl\/wp-json\/wp\/v2\/pages\/2333\/revisions\/2337"}],"wp:featuredmedia":[{"embeddable":true,"href":"https:\/\/madtools.it\/pl\/wp-json\/wp\/v2\/media\/2184"}],"wp:attachment":[{"href":"https:\/\/madtools.it\/pl\/wp-json\/wp\/v2\/media?parent=2333"}],"curies":[{"name":"wp","href":"https:\/\/api.w.org\/{rel}","templated":true}]}}