{"id":2316,"date":"2024-01-16T10:16:47","date_gmt":"2024-01-16T09:16:47","guid":{"rendered":"https:\/\/madtools.it\/parco-macchine\/"},"modified":"2024-05-21T15:14:03","modified_gmt":"2024-05-21T13:14:03","slug":"park-maszynowy","status":"publish","type":"page","link":"https:\/\/madtools.it\/pl\/park-maszynowy\/","title":{"rendered":"Park maszynowy"},"content":{"rendered":"\n<h1 class=\"wp-block-heading\"><strong><strong>Najnowocze\u015bniejszy park maszynowy<\/strong><\/strong><\/h1>\n\n\n\n<p>Nasz dzia\u0142 produkcyjny dysponuje maszynami najnowszej generacji. Dzi\u0119ki temu jeste\u015bmy w stanie szybko reagowa\u0107 na techniczne potrzeby produkcyjne wszystkich naszych klient\u00f3w.<br>W naszym zak\u0142adzie produkcyjnym w Bonate Sotto (Bergamo) posiadamy nast\u0119puj\u0105ce maszyny:<\/p>\n\n\n\n<ul class=\"wp-block-list\">\n<li>Ostrzarki CNC<\/li>\n\n\n\n<li>Centra robocze<\/li>\n\n\n\n<li>Maszyny do obr\u00f3bki elektroerozyjnej (EDM)<\/li>\n\n\n\n<li>Maszyny do kontroli jako\u015bci<\/li>\n\n\n\n<li>System lutowania twardego<\/li>\n\n\n\n<li>Laserowa maszyna do \u015bledzenia produkt\u00f3w<\/li>\n<\/ul>\n\n\n\n<p><\/p>\n\n\n\n<p>Ka\u017cde narz\u0119dzie przed wysy\u0142k\u0105 poddawane jest rygorystycznym kontrolom, kt\u00f3rym towarzysz\u0105 r\u00f3wnie\u017c indywidualne certyfikaty test\u00f3w. W naszym zak\u0142adzie produkcyjnym w Bonate Sotto (Bergamo) stworzyli\u015bmy pomieszczenie o kontrolowanej temperaturze, przeznaczone wy\u0142\u0105cznie do weryfikacji ka\u017cdego wyprodukowanego egzemplarza. Dzi\u0119ki naszej maszynie kontrolnej Zoller CNC jeste\u015bmy w stanie przeprowadzi\u0107 pe\u0142ne i automatyczne badanie wszystkich typ\u00f3w narz\u0119dzi.<\/p>\n\n\n\n<p>Po przej\u015bciu kontroli jako\u015bci ka\u017cde narz\u0119dzie jest oznaczane kodem wewn\u0119trznym i kodem klienta, aby zapewni\u0107 maksymaln\u0105 identyfikowalno\u015b\u0107. Dzi\u0119ki temu jeste\u015bmy w stanie w ka\u017cdej chwili prze\u015bledzi\u0107 wszystkie parametry techniczne i produkcyjne narz\u0119dzia.<\/p>\n","protected":false},"excerpt":{"rendered":"<p>Najnowocze\u015bniejszy park maszynowy Nasz dzia\u0142 produkcyjny dysponuje maszynami najnowszej generacji. Dzi\u0119ki temu jeste\u015bmy w stanie szybko reagowa\u0107 na techniczne potrzeby produkcyjne wszystkich naszych klient\u00f3w.W naszym zak\u0142adzie produkcyjnym w Bonate Sotto (Bergamo) posiadamy nast\u0119puj\u0105ce maszyny: Ka\u017cde narz\u0119dzie przed wysy\u0142k\u0105 poddawane jest rygorystycznym kontrolom, kt\u00f3rym towarzysz\u0105 r\u00f3wnie\u017c indywidualne certyfikaty test\u00f3w. W naszym zak\u0142adzie produkcyjnym w Bonate Sotto [&hellip;]<\/p>\n","protected":false},"author":1,"featured_media":2319,"parent":0,"menu_order":9,"comment_status":"closed","ping_status":"closed","template":"templates\/parco-macchine.php","meta":{"_acf_changed":false,"inline_featured_image":false,"footnotes":""},"class_list":["post-2316","page","type-page","status-publish","has-post-thumbnail","hentry"],"acf":[],"yoast_head":"<!-- This site is optimized with the Yoast SEO plugin v27.3 - https:\/\/yoast.com\/product\/yoast-seo-wordpress\/ -->\n<title>Park maszynowy - MadTools<\/title>\n<meta name=\"robots\" content=\"index, follow, max-snippet:-1, max-image-preview:large, max-video-preview:-1\" \/>\n<link rel=\"canonical\" href=\"https:\/\/madtools.it\/pl\/park-maszynowy\/\" \/>\n<meta property=\"og:locale\" content=\"pl_PL\" \/>\n<meta property=\"og:type\" content=\"article\" \/>\n<meta property=\"og:title\" content=\"Park maszynowy - MadTools\" \/>\n<meta property=\"og:description\" content=\"Najnowocze\u015bniejszy park maszynowy Nasz dzia\u0142 produkcyjny dysponuje maszynami najnowszej generacji. Dzi\u0119ki temu jeste\u015bmy w stanie szybko reagowa\u0107 na techniczne potrzeby produkcyjne wszystkich naszych klient\u00f3w.W naszym zak\u0142adzie produkcyjnym w Bonate Sotto (Bergamo) posiadamy nast\u0119puj\u0105ce maszyny: Ka\u017cde narz\u0119dzie przed wysy\u0142k\u0105 poddawane jest rygorystycznym kontrolom, kt\u00f3rym towarzysz\u0105 r\u00f3wnie\u017c indywidualne certyfikaty test\u00f3w. W naszym zak\u0142adzie produkcyjnym w Bonate Sotto [&hellip;]\" \/>\n<meta property=\"og:url\" content=\"https:\/\/madtools.it\/pl\/park-maszynowy\/\" \/>\n<meta property=\"og:site_name\" content=\"MadTools\" \/>\n<meta property=\"article:modified_time\" content=\"2024-05-21T13:14:03+00:00\" \/>\n<meta property=\"og:image\" content=\"https:\/\/madtools.it\/wp-content\/uploads\/2024\/02\/04PARCOMACCHINE_HERO.jpg\" \/>\n\t<meta property=\"og:image:width\" content=\"1024\" \/>\n\t<meta property=\"og:image:height\" content=\"683\" \/>\n\t<meta property=\"og:image:type\" content=\"image\/jpeg\" \/>\n<meta name=\"twitter:card\" content=\"summary_large_image\" \/>\n<meta name=\"twitter:label1\" content=\"Szacowany czas czytania\" \/>\n\t<meta name=\"twitter:data1\" content=\"1 minuta\" \/>\n<script type=\"application\/ld+json\" class=\"yoast-schema-graph\">{\"@context\":\"https:\\\/\\\/schema.org\",\"@graph\":[{\"@type\":\"WebPage\",\"@id\":\"https:\\\/\\\/madtools.it\\\/pl\\\/park-maszynowy\\\/\",\"url\":\"https:\\\/\\\/madtools.it\\\/pl\\\/park-maszynowy\\\/\",\"name\":\"Park maszynowy - MadTools\",\"isPartOf\":{\"@id\":\"https:\\\/\\\/madtools.it\\\/#website\"},\"primaryImageOfPage\":{\"@id\":\"https:\\\/\\\/madtools.it\\\/pl\\\/park-maszynowy\\\/#primaryimage\"},\"image\":{\"@id\":\"https:\\\/\\\/madtools.it\\\/pl\\\/park-maszynowy\\\/#primaryimage\"},\"thumbnailUrl\":\"https:\\\/\\\/madtools.it\\\/wp-content\\\/uploads\\\/2024\\\/02\\\/04PARCOMACCHINE_HERO.jpg\",\"datePublished\":\"2024-01-16T09:16:47+00:00\",\"dateModified\":\"2024-05-21T13:14:03+00:00\",\"breadcrumb\":{\"@id\":\"https:\\\/\\\/madtools.it\\\/pl\\\/park-maszynowy\\\/#breadcrumb\"},\"inLanguage\":\"pl-PL\",\"potentialAction\":[{\"@type\":\"ReadAction\",\"target\":[\"https:\\\/\\\/madtools.it\\\/pl\\\/park-maszynowy\\\/\"]}]},{\"@type\":\"ImageObject\",\"inLanguage\":\"pl-PL\",\"@id\":\"https:\\\/\\\/madtools.it\\\/pl\\\/park-maszynowy\\\/#primaryimage\",\"url\":\"https:\\\/\\\/madtools.it\\\/wp-content\\\/uploads\\\/2024\\\/02\\\/04PARCOMACCHINE_HERO.jpg\",\"contentUrl\":\"https:\\\/\\\/madtools.it\\\/wp-content\\\/uploads\\\/2024\\\/02\\\/04PARCOMACCHINE_HERO.jpg\",\"width\":1024,\"height\":683},{\"@type\":\"BreadcrumbList\",\"@id\":\"https:\\\/\\\/madtools.it\\\/pl\\\/park-maszynowy\\\/#breadcrumb\",\"itemListElement\":[{\"@type\":\"ListItem\",\"position\":1,\"name\":\"Home\",\"item\":\"https:\\\/\\\/madtools.it\\\/pl\\\/\"},{\"@type\":\"ListItem\",\"position\":2,\"name\":\"Park maszynowy\"}]},{\"@type\":\"WebSite\",\"@id\":\"https:\\\/\\\/madtools.it\\\/#website\",\"url\":\"https:\\\/\\\/madtools.it\\\/\",\"name\":\"MadTools\",\"description\":\"\",\"potentialAction\":[{\"@type\":\"SearchAction\",\"target\":{\"@type\":\"EntryPoint\",\"urlTemplate\":\"https:\\\/\\\/madtools.it\\\/?s={search_term_string}\"},\"query-input\":{\"@type\":\"PropertyValueSpecification\",\"valueRequired\":true,\"valueName\":\"search_term_string\"}}],\"inLanguage\":\"pl-PL\"}]}<\/script>\n<!-- \/ Yoast SEO plugin. -->","yoast_head_json":{"title":"Park maszynowy - MadTools","robots":{"index":"index","follow":"follow","max-snippet":"max-snippet:-1","max-image-preview":"max-image-preview:large","max-video-preview":"max-video-preview:-1"},"canonical":"https:\/\/madtools.it\/pl\/park-maszynowy\/","og_locale":"pl_PL","og_type":"article","og_title":"Park maszynowy - MadTools","og_description":"Najnowocze\u015bniejszy park maszynowy Nasz dzia\u0142 produkcyjny dysponuje maszynami najnowszej generacji. Dzi\u0119ki temu jeste\u015bmy w stanie szybko reagowa\u0107 na techniczne potrzeby produkcyjne wszystkich naszych klient\u00f3w.W naszym zak\u0142adzie produkcyjnym w Bonate Sotto (Bergamo) posiadamy nast\u0119puj\u0105ce maszyny: Ka\u017cde narz\u0119dzie przed wysy\u0142k\u0105 poddawane jest rygorystycznym kontrolom, kt\u00f3rym towarzysz\u0105 r\u00f3wnie\u017c indywidualne certyfikaty test\u00f3w. W naszym zak\u0142adzie produkcyjnym w Bonate Sotto [&hellip;]","og_url":"https:\/\/madtools.it\/pl\/park-maszynowy\/","og_site_name":"MadTools","article_modified_time":"2024-05-21T13:14:03+00:00","og_image":[{"width":1024,"height":683,"url":"https:\/\/madtools.it\/wp-content\/uploads\/2024\/02\/04PARCOMACCHINE_HERO.jpg","type":"image\/jpeg"}],"twitter_card":"summary_large_image","twitter_misc":{"Szacowany czas czytania":"1 minuta"},"schema":{"@context":"https:\/\/schema.org","@graph":[{"@type":"WebPage","@id":"https:\/\/madtools.it\/pl\/park-maszynowy\/","url":"https:\/\/madtools.it\/pl\/park-maszynowy\/","name":"Park maszynowy - MadTools","isPartOf":{"@id":"https:\/\/madtools.it\/#website"},"primaryImageOfPage":{"@id":"https:\/\/madtools.it\/pl\/park-maszynowy\/#primaryimage"},"image":{"@id":"https:\/\/madtools.it\/pl\/park-maszynowy\/#primaryimage"},"thumbnailUrl":"https:\/\/madtools.it\/wp-content\/uploads\/2024\/02\/04PARCOMACCHINE_HERO.jpg","datePublished":"2024-01-16T09:16:47+00:00","dateModified":"2024-05-21T13:14:03+00:00","breadcrumb":{"@id":"https:\/\/madtools.it\/pl\/park-maszynowy\/#breadcrumb"},"inLanguage":"pl-PL","potentialAction":[{"@type":"ReadAction","target":["https:\/\/madtools.it\/pl\/park-maszynowy\/"]}]},{"@type":"ImageObject","inLanguage":"pl-PL","@id":"https:\/\/madtools.it\/pl\/park-maszynowy\/#primaryimage","url":"https:\/\/madtools.it\/wp-content\/uploads\/2024\/02\/04PARCOMACCHINE_HERO.jpg","contentUrl":"https:\/\/madtools.it\/wp-content\/uploads\/2024\/02\/04PARCOMACCHINE_HERO.jpg","width":1024,"height":683},{"@type":"BreadcrumbList","@id":"https:\/\/madtools.it\/pl\/park-maszynowy\/#breadcrumb","itemListElement":[{"@type":"ListItem","position":1,"name":"Home","item":"https:\/\/madtools.it\/pl\/"},{"@type":"ListItem","position":2,"name":"Park maszynowy"}]},{"@type":"WebSite","@id":"https:\/\/madtools.it\/#website","url":"https:\/\/madtools.it\/","name":"MadTools","description":"","potentialAction":[{"@type":"SearchAction","target":{"@type":"EntryPoint","urlTemplate":"https:\/\/madtools.it\/?s={search_term_string}"},"query-input":{"@type":"PropertyValueSpecification","valueRequired":true,"valueName":"search_term_string"}}],"inLanguage":"pl-PL"}]}},"_links":{"self":[{"href":"https:\/\/madtools.it\/pl\/wp-json\/wp\/v2\/pages\/2316","targetHints":{"allow":["GET"]}}],"collection":[{"href":"https:\/\/madtools.it\/pl\/wp-json\/wp\/v2\/pages"}],"about":[{"href":"https:\/\/madtools.it\/pl\/wp-json\/wp\/v2\/types\/page"}],"author":[{"embeddable":true,"href":"https:\/\/madtools.it\/pl\/wp-json\/wp\/v2\/users\/1"}],"replies":[{"embeddable":true,"href":"https:\/\/madtools.it\/pl\/wp-json\/wp\/v2\/comments?post=2316"}],"version-history":[{"count":1,"href":"https:\/\/madtools.it\/pl\/wp-json\/wp\/v2\/pages\/2316\/revisions"}],"predecessor-version":[{"id":2332,"href":"https:\/\/madtools.it\/pl\/wp-json\/wp\/v2\/pages\/2316\/revisions\/2332"}],"wp:featuredmedia":[{"embeddable":true,"href":"https:\/\/madtools.it\/pl\/wp-json\/wp\/v2\/media\/2319"}],"wp:attachment":[{"href":"https:\/\/madtools.it\/pl\/wp-json\/wp\/v2\/media?parent=2316"}],"curies":[{"name":"wp","href":"https:\/\/api.w.org\/{rel}","templated":true}]}}