{"id":2308,"date":"2024-01-16T10:15:59","date_gmt":"2024-01-16T09:15:59","guid":{"rendered":"https:\/\/madtools.it\/persone\/"},"modified":"2024-04-23T15:28:36","modified_gmt":"2024-04-23T13:28:36","slug":"persone","status":"publish","type":"page","link":"https:\/\/madtools.it\/pl\/persone\/","title":{"rendered":"Ludzie"},"content":{"rendered":"\n<h1 class=\"wp-block-heading\">Si\u0142a<br>naszego zespo\u0142u<\/h1>\n\n\n\n<p>Ludzie sprawiaj\u0105, \u017ce firmy s\u0105 \u015bwietne.<\/p>\n\n\n\n<p>Wierzymy w si\u0142\u0119 zespo\u0142u i w profesjonalne synergie, kt\u00f3re mo\u017cna wygenerowa\u0107 poprzez nadanie odpowiedniej warto\u015bci relacjom mi\u0119dzyludzkim.<\/p>\n\n\n\n<p>Szkolenia,&nbsp;ci\u0105g\u0142a&nbsp;<strong>aktualizacja,&nbsp;motywacja<\/strong>&nbsp;do wsp\u00f3lnych cel\u00f3w i silny&nbsp;<strong>duch wsp\u00f3\u0142pracy<\/strong>&nbsp;s\u0105 cz\u0119\u015bci\u0105 naszego klimatu korporacyjnego i jeste\u015bmy pewni, \u017ce to wszystko odzwierciedla si\u0119 w ka\u017cdym projekcie korporacyjnym<strong>.<\/strong><strong><\/strong><\/p>\n","protected":false},"excerpt":{"rendered":"<p>Si\u0142anaszego zespo\u0142u Ludzie sprawiaj\u0105, \u017ce firmy s\u0105 \u015bwietne. Wierzymy w si\u0142\u0119 zespo\u0142u i w profesjonalne synergie, kt\u00f3re mo\u017cna wygenerowa\u0107 poprzez nadanie odpowiedniej warto\u015bci relacjom mi\u0119dzyludzkim. Szkolenia,&nbsp;ci\u0105g\u0142a&nbsp;aktualizacja,&nbsp;motywacja&nbsp;do wsp\u00f3lnych cel\u00f3w i silny&nbsp;duch wsp\u00f3\u0142pracy&nbsp;s\u0105 cz\u0119\u015bci\u0105 naszego klimatu korporacyjnego i jeste\u015bmy pewni, \u017ce to wszystko odzwierciedla si\u0119 w ka\u017cdym projekcie korporacyjnym.<\/p>\n","protected":false},"author":1,"featured_media":2311,"parent":0,"menu_order":10,"comment_status":"closed","ping_status":"closed","template":"templates\/people.php","meta":{"_acf_changed":false,"inline_featured_image":false,"footnotes":""},"class_list":["post-2308","page","type-page","status-publish","has-post-thumbnail","hentry"],"acf":[],"yoast_head":"<!-- This site is optimized with the Yoast SEO plugin v27.3 - https:\/\/yoast.com\/product\/yoast-seo-wordpress\/ -->\n<title>Ludzie - MadTools<\/title>\n<meta name=\"robots\" content=\"index, follow, max-snippet:-1, max-image-preview:large, max-video-preview:-1\" \/>\n<link rel=\"canonical\" href=\"https:\/\/madtools.it\/pl\/persone\/\" \/>\n<meta property=\"og:locale\" content=\"pl_PL\" \/>\n<meta property=\"og:type\" content=\"article\" \/>\n<meta property=\"og:title\" content=\"Ludzie - MadTools\" \/>\n<meta property=\"og:description\" content=\"Si\u0142anaszego zespo\u0142u Ludzie sprawiaj\u0105, \u017ce firmy s\u0105 \u015bwietne. Wierzymy w si\u0142\u0119 zespo\u0142u i w profesjonalne synergie, kt\u00f3re mo\u017cna wygenerowa\u0107 poprzez nadanie odpowiedniej warto\u015bci relacjom mi\u0119dzyludzkim. Szkolenia,&nbsp;ci\u0105g\u0142a&nbsp;aktualizacja,&nbsp;motywacja&nbsp;do wsp\u00f3lnych cel\u00f3w i silny&nbsp;duch wsp\u00f3\u0142pracy&nbsp;s\u0105 cz\u0119\u015bci\u0105 naszego klimatu korporacyjnego i jeste\u015bmy pewni, \u017ce to wszystko odzwierciedla si\u0119 w ka\u017cdym projekcie korporacyjnym.\" \/>\n<meta property=\"og:url\" content=\"https:\/\/madtools.it\/pl\/persone\/\" \/>\n<meta property=\"og:site_name\" content=\"MadTools\" \/>\n<meta property=\"article:modified_time\" content=\"2024-04-23T13:28:36+00:00\" \/>\n<meta property=\"og:image\" content=\"https:\/\/madtools.it\/wp-content\/uploads\/2024\/02\/01AZIENDA_Persone_hero.jpg\" \/>\n\t<meta property=\"og:image:width\" content=\"1024\" \/>\n\t<meta property=\"og:image:height\" content=\"683\" \/>\n\t<meta property=\"og:image:type\" content=\"image\/jpeg\" \/>\n<meta name=\"twitter:card\" content=\"summary_large_image\" \/>\n<meta name=\"twitter:label1\" content=\"Szacowany czas czytania\" \/>\n\t<meta name=\"twitter:data1\" content=\"1 minuta\" \/>\n<script type=\"application\/ld+json\" class=\"yoast-schema-graph\">{\"@context\":\"https:\\\/\\\/schema.org\",\"@graph\":[{\"@type\":\"WebPage\",\"@id\":\"https:\\\/\\\/madtools.it\\\/pl\\\/persone\\\/\",\"url\":\"https:\\\/\\\/madtools.it\\\/pl\\\/persone\\\/\",\"name\":\"Ludzie - MadTools\",\"isPartOf\":{\"@id\":\"https:\\\/\\\/madtools.it\\\/#website\"},\"primaryImageOfPage\":{\"@id\":\"https:\\\/\\\/madtools.it\\\/pl\\\/persone\\\/#primaryimage\"},\"image\":{\"@id\":\"https:\\\/\\\/madtools.it\\\/pl\\\/persone\\\/#primaryimage\"},\"thumbnailUrl\":\"https:\\\/\\\/madtools.it\\\/wp-content\\\/uploads\\\/2024\\\/02\\\/01AZIENDA_Persone_hero.jpg\",\"datePublished\":\"2024-01-16T09:15:59+00:00\",\"dateModified\":\"2024-04-23T13:28:36+00:00\",\"breadcrumb\":{\"@id\":\"https:\\\/\\\/madtools.it\\\/pl\\\/persone\\\/#breadcrumb\"},\"inLanguage\":\"pl-PL\",\"potentialAction\":[{\"@type\":\"ReadAction\",\"target\":[\"https:\\\/\\\/madtools.it\\\/pl\\\/persone\\\/\"]}]},{\"@type\":\"ImageObject\",\"inLanguage\":\"pl-PL\",\"@id\":\"https:\\\/\\\/madtools.it\\\/pl\\\/persone\\\/#primaryimage\",\"url\":\"https:\\\/\\\/madtools.it\\\/wp-content\\\/uploads\\\/2024\\\/02\\\/01AZIENDA_Persone_hero.jpg\",\"contentUrl\":\"https:\\\/\\\/madtools.it\\\/wp-content\\\/uploads\\\/2024\\\/02\\\/01AZIENDA_Persone_hero.jpg\",\"width\":1024,\"height\":683},{\"@type\":\"BreadcrumbList\",\"@id\":\"https:\\\/\\\/madtools.it\\\/pl\\\/persone\\\/#breadcrumb\",\"itemListElement\":[{\"@type\":\"ListItem\",\"position\":1,\"name\":\"Home\",\"item\":\"https:\\\/\\\/madtools.it\\\/pl\\\/\"},{\"@type\":\"ListItem\",\"position\":2,\"name\":\"Ludzie\"}]},{\"@type\":\"WebSite\",\"@id\":\"https:\\\/\\\/madtools.it\\\/#website\",\"url\":\"https:\\\/\\\/madtools.it\\\/\",\"name\":\"MadTools\",\"description\":\"\",\"potentialAction\":[{\"@type\":\"SearchAction\",\"target\":{\"@type\":\"EntryPoint\",\"urlTemplate\":\"https:\\\/\\\/madtools.it\\\/?s={search_term_string}\"},\"query-input\":{\"@type\":\"PropertyValueSpecification\",\"valueRequired\":true,\"valueName\":\"search_term_string\"}}],\"inLanguage\":\"pl-PL\"}]}<\/script>\n<!-- \/ Yoast SEO plugin. -->","yoast_head_json":{"title":"Ludzie - MadTools","robots":{"index":"index","follow":"follow","max-snippet":"max-snippet:-1","max-image-preview":"max-image-preview:large","max-video-preview":"max-video-preview:-1"},"canonical":"https:\/\/madtools.it\/pl\/persone\/","og_locale":"pl_PL","og_type":"article","og_title":"Ludzie - MadTools","og_description":"Si\u0142anaszego zespo\u0142u Ludzie sprawiaj\u0105, \u017ce firmy s\u0105 \u015bwietne. Wierzymy w si\u0142\u0119 zespo\u0142u i w profesjonalne synergie, kt\u00f3re mo\u017cna wygenerowa\u0107 poprzez nadanie odpowiedniej warto\u015bci relacjom mi\u0119dzyludzkim. Szkolenia,&nbsp;ci\u0105g\u0142a&nbsp;aktualizacja,&nbsp;motywacja&nbsp;do wsp\u00f3lnych cel\u00f3w i silny&nbsp;duch wsp\u00f3\u0142pracy&nbsp;s\u0105 cz\u0119\u015bci\u0105 naszego klimatu korporacyjnego i jeste\u015bmy pewni, \u017ce to wszystko odzwierciedla si\u0119 w ka\u017cdym projekcie korporacyjnym.","og_url":"https:\/\/madtools.it\/pl\/persone\/","og_site_name":"MadTools","article_modified_time":"2024-04-23T13:28:36+00:00","og_image":[{"width":1024,"height":683,"url":"https:\/\/madtools.it\/wp-content\/uploads\/2024\/02\/01AZIENDA_Persone_hero.jpg","type":"image\/jpeg"}],"twitter_card":"summary_large_image","twitter_misc":{"Szacowany czas czytania":"1 minuta"},"schema":{"@context":"https:\/\/schema.org","@graph":[{"@type":"WebPage","@id":"https:\/\/madtools.it\/pl\/persone\/","url":"https:\/\/madtools.it\/pl\/persone\/","name":"Ludzie - MadTools","isPartOf":{"@id":"https:\/\/madtools.it\/#website"},"primaryImageOfPage":{"@id":"https:\/\/madtools.it\/pl\/persone\/#primaryimage"},"image":{"@id":"https:\/\/madtools.it\/pl\/persone\/#primaryimage"},"thumbnailUrl":"https:\/\/madtools.it\/wp-content\/uploads\/2024\/02\/01AZIENDA_Persone_hero.jpg","datePublished":"2024-01-16T09:15:59+00:00","dateModified":"2024-04-23T13:28:36+00:00","breadcrumb":{"@id":"https:\/\/madtools.it\/pl\/persone\/#breadcrumb"},"inLanguage":"pl-PL","potentialAction":[{"@type":"ReadAction","target":["https:\/\/madtools.it\/pl\/persone\/"]}]},{"@type":"ImageObject","inLanguage":"pl-PL","@id":"https:\/\/madtools.it\/pl\/persone\/#primaryimage","url":"https:\/\/madtools.it\/wp-content\/uploads\/2024\/02\/01AZIENDA_Persone_hero.jpg","contentUrl":"https:\/\/madtools.it\/wp-content\/uploads\/2024\/02\/01AZIENDA_Persone_hero.jpg","width":1024,"height":683},{"@type":"BreadcrumbList","@id":"https:\/\/madtools.it\/pl\/persone\/#breadcrumb","itemListElement":[{"@type":"ListItem","position":1,"name":"Home","item":"https:\/\/madtools.it\/pl\/"},{"@type":"ListItem","position":2,"name":"Ludzie"}]},{"@type":"WebSite","@id":"https:\/\/madtools.it\/#website","url":"https:\/\/madtools.it\/","name":"MadTools","description":"","potentialAction":[{"@type":"SearchAction","target":{"@type":"EntryPoint","urlTemplate":"https:\/\/madtools.it\/?s={search_term_string}"},"query-input":{"@type":"PropertyValueSpecification","valueRequired":true,"valueName":"search_term_string"}}],"inLanguage":"pl-PL"}]}},"_links":{"self":[{"href":"https:\/\/madtools.it\/pl\/wp-json\/wp\/v2\/pages\/2308","targetHints":{"allow":["GET"]}}],"collection":[{"href":"https:\/\/madtools.it\/pl\/wp-json\/wp\/v2\/pages"}],"about":[{"href":"https:\/\/madtools.it\/pl\/wp-json\/wp\/v2\/types\/page"}],"author":[{"embeddable":true,"href":"https:\/\/madtools.it\/pl\/wp-json\/wp\/v2\/users\/1"}],"replies":[{"embeddable":true,"href":"https:\/\/madtools.it\/pl\/wp-json\/wp\/v2\/comments?post=2308"}],"version-history":[{"count":2,"href":"https:\/\/madtools.it\/pl\/wp-json\/wp\/v2\/pages\/2308\/revisions"}],"predecessor-version":[{"id":2314,"href":"https:\/\/madtools.it\/pl\/wp-json\/wp\/v2\/pages\/2308\/revisions\/2314"}],"wp:featuredmedia":[{"embeddable":true,"href":"https:\/\/madtools.it\/pl\/wp-json\/wp\/v2\/media\/2311"}],"wp:attachment":[{"href":"https:\/\/madtools.it\/pl\/wp-json\/wp\/v2\/media?parent=2308"}],"curies":[{"name":"wp","href":"https:\/\/api.w.org\/{rel}","templated":true}]}}