{"id":2302,"date":"2024-01-16T10:15:44","date_gmt":"2024-01-16T09:15:44","guid":{"rendered":"https:\/\/madtools.it\/missioni-e-valori\/"},"modified":"2024-05-21T15:13:53","modified_gmt":"2024-05-21T13:13:53","slug":"misje-i-wartosci","status":"publish","type":"page","link":"https:\/\/madtools.it\/pl\/misje-i-wartosci\/","title":{"rendered":"Misje i warto\u015bci"},"content":{"rendered":"\n<h1 class=\"wp-block-heading\">Nasza misja,<br>nasze warto\u015bci<\/h1>\n\n\n\n<p>Jak w przypadku ka\u017cdej dobrze wykonanej maszyny, jeste\u015bmy przekonani, \u017ce r\u00f3wnie\u017c firma musi mie\u0107 u swoich podstaw dopracowany w ka\u017cdym szczeg\u00f3le projekt, solidn\u0105 konstrukcj\u0119 wsp\u00f3ln\u0105 dla wszystkich. Z tego powodu stworzyli\u015bmy prawdziwy \u201emanifest\u201d tego, czym jest i czym chce by\u0107 MAD Tools w przysz\u0142o\u015bci.<\/p>\n\n\n\n<h2 class=\"wp-block-heading\"><strong>MAD &#8211; <\/strong>Manifest<\/h2>\n\n\n\n<p>Zasady, kt\u00f3rymi kieruje si\u0119 Misja firmy<\/p>\n","protected":false},"excerpt":{"rendered":"<p>Nasza misja,nasze warto\u015bci Jak w przypadku ka\u017cdej dobrze wykonanej maszyny, jeste\u015bmy przekonani, \u017ce r\u00f3wnie\u017c firma musi mie\u0107 u swoich podstaw dopracowany w ka\u017cdym szczeg\u00f3le projekt, solidn\u0105 konstrukcj\u0119 wsp\u00f3ln\u0105 dla wszystkich. Z tego powodu stworzyli\u015bmy prawdziwy \u201emanifest\u201d tego, czym jest i czym chce by\u0107 MAD Tools w przysz\u0142o\u015bci. MAD &#8211; Manifest Zasady, kt\u00f3rymi kieruje si\u0119 Misja [&hellip;]<\/p>\n","protected":false},"author":1,"featured_media":2298,"parent":0,"menu_order":8,"comment_status":"closed","ping_status":"closed","template":"templates\/mission.php","meta":{"_acf_changed":false,"inline_featured_image":false,"footnotes":""},"class_list":["post-2302","page","type-page","status-publish","has-post-thumbnail","hentry"],"acf":[],"yoast_head":"<!-- This site is optimized with the Yoast SEO plugin v27.3 - https:\/\/yoast.com\/product\/yoast-seo-wordpress\/ -->\n<title>Misje i warto\u015bci - MadTools<\/title>\n<meta name=\"robots\" content=\"index, follow, max-snippet:-1, max-image-preview:large, max-video-preview:-1\" \/>\n<link rel=\"canonical\" href=\"https:\/\/madtools.it\/pl\/misje-i-wartosci\/\" \/>\n<meta property=\"og:locale\" content=\"pl_PL\" \/>\n<meta property=\"og:type\" content=\"article\" \/>\n<meta property=\"og:title\" content=\"Misje i warto\u015bci - MadTools\" \/>\n<meta property=\"og:description\" content=\"Nasza misja,nasze warto\u015bci Jak w przypadku ka\u017cdej dobrze wykonanej maszyny, jeste\u015bmy przekonani, \u017ce r\u00f3wnie\u017c firma musi mie\u0107 u swoich podstaw dopracowany w ka\u017cdym szczeg\u00f3le projekt, solidn\u0105 konstrukcj\u0119 wsp\u00f3ln\u0105 dla wszystkich. Z tego powodu stworzyli\u015bmy prawdziwy \u201emanifest\u201d tego, czym jest i czym chce by\u0107 MAD Tools w przysz\u0142o\u015bci. MAD &#8211; Manifest Zasady, kt\u00f3rymi kieruje si\u0119 Misja [&hellip;]\" \/>\n<meta property=\"og:url\" content=\"https:\/\/madtools.it\/pl\/misje-i-wartosci\/\" \/>\n<meta property=\"og:site_name\" content=\"MadTools\" \/>\n<meta property=\"article:modified_time\" content=\"2024-05-21T13:13:53+00:00\" \/>\n<meta property=\"og:image\" content=\"https:\/\/madtools.it\/wp-content\/uploads\/2024\/02\/01AZIENDA_Mission_evalori_Hero.jpg\" \/>\n\t<meta property=\"og:image:width\" content=\"1024\" \/>\n\t<meta property=\"og:image:height\" content=\"683\" \/>\n\t<meta property=\"og:image:type\" content=\"image\/jpeg\" \/>\n<meta name=\"twitter:card\" content=\"summary_large_image\" \/>\n<meta name=\"twitter:label1\" content=\"Szacowany czas czytania\" \/>\n\t<meta name=\"twitter:data1\" content=\"1 minuta\" \/>\n<script type=\"application\/ld+json\" class=\"yoast-schema-graph\">{\"@context\":\"https:\\\/\\\/schema.org\",\"@graph\":[{\"@type\":\"WebPage\",\"@id\":\"https:\\\/\\\/madtools.it\\\/pl\\\/misje-i-wartosci\\\/\",\"url\":\"https:\\\/\\\/madtools.it\\\/pl\\\/misje-i-wartosci\\\/\",\"name\":\"Misje i warto\u015bci - MadTools\",\"isPartOf\":{\"@id\":\"https:\\\/\\\/madtools.it\\\/#website\"},\"primaryImageOfPage\":{\"@id\":\"https:\\\/\\\/madtools.it\\\/pl\\\/misje-i-wartosci\\\/#primaryimage\"},\"image\":{\"@id\":\"https:\\\/\\\/madtools.it\\\/pl\\\/misje-i-wartosci\\\/#primaryimage\"},\"thumbnailUrl\":\"https:\\\/\\\/madtools.it\\\/wp-content\\\/uploads\\\/2024\\\/02\\\/01AZIENDA_Mission_evalori_Hero.jpg\",\"datePublished\":\"2024-01-16T09:15:44+00:00\",\"dateModified\":\"2024-05-21T13:13:53+00:00\",\"breadcrumb\":{\"@id\":\"https:\\\/\\\/madtools.it\\\/pl\\\/misje-i-wartosci\\\/#breadcrumb\"},\"inLanguage\":\"pl-PL\",\"potentialAction\":[{\"@type\":\"ReadAction\",\"target\":[\"https:\\\/\\\/madtools.it\\\/pl\\\/misje-i-wartosci\\\/\"]}]},{\"@type\":\"ImageObject\",\"inLanguage\":\"pl-PL\",\"@id\":\"https:\\\/\\\/madtools.it\\\/pl\\\/misje-i-wartosci\\\/#primaryimage\",\"url\":\"https:\\\/\\\/madtools.it\\\/wp-content\\\/uploads\\\/2024\\\/02\\\/01AZIENDA_Mission_evalori_Hero.jpg\",\"contentUrl\":\"https:\\\/\\\/madtools.it\\\/wp-content\\\/uploads\\\/2024\\\/02\\\/01AZIENDA_Mission_evalori_Hero.jpg\",\"width\":1024,\"height\":683},{\"@type\":\"BreadcrumbList\",\"@id\":\"https:\\\/\\\/madtools.it\\\/pl\\\/misje-i-wartosci\\\/#breadcrumb\",\"itemListElement\":[{\"@type\":\"ListItem\",\"position\":1,\"name\":\"Home\",\"item\":\"https:\\\/\\\/madtools.it\\\/pl\\\/\"},{\"@type\":\"ListItem\",\"position\":2,\"name\":\"Misje i warto\u015bci\"}]},{\"@type\":\"WebSite\",\"@id\":\"https:\\\/\\\/madtools.it\\\/#website\",\"url\":\"https:\\\/\\\/madtools.it\\\/\",\"name\":\"MadTools\",\"description\":\"\",\"potentialAction\":[{\"@type\":\"SearchAction\",\"target\":{\"@type\":\"EntryPoint\",\"urlTemplate\":\"https:\\\/\\\/madtools.it\\\/?s={search_term_string}\"},\"query-input\":{\"@type\":\"PropertyValueSpecification\",\"valueRequired\":true,\"valueName\":\"search_term_string\"}}],\"inLanguage\":\"pl-PL\"}]}<\/script>\n<!-- \/ Yoast SEO plugin. -->","yoast_head_json":{"title":"Misje i warto\u015bci - MadTools","robots":{"index":"index","follow":"follow","max-snippet":"max-snippet:-1","max-image-preview":"max-image-preview:large","max-video-preview":"max-video-preview:-1"},"canonical":"https:\/\/madtools.it\/pl\/misje-i-wartosci\/","og_locale":"pl_PL","og_type":"article","og_title":"Misje i warto\u015bci - MadTools","og_description":"Nasza misja,nasze warto\u015bci Jak w przypadku ka\u017cdej dobrze wykonanej maszyny, jeste\u015bmy przekonani, \u017ce r\u00f3wnie\u017c firma musi mie\u0107 u swoich podstaw dopracowany w ka\u017cdym szczeg\u00f3le projekt, solidn\u0105 konstrukcj\u0119 wsp\u00f3ln\u0105 dla wszystkich. Z tego powodu stworzyli\u015bmy prawdziwy \u201emanifest\u201d tego, czym jest i czym chce by\u0107 MAD Tools w przysz\u0142o\u015bci. MAD &#8211; Manifest Zasady, kt\u00f3rymi kieruje si\u0119 Misja [&hellip;]","og_url":"https:\/\/madtools.it\/pl\/misje-i-wartosci\/","og_site_name":"MadTools","article_modified_time":"2024-05-21T13:13:53+00:00","og_image":[{"width":1024,"height":683,"url":"https:\/\/madtools.it\/wp-content\/uploads\/2024\/02\/01AZIENDA_Mission_evalori_Hero.jpg","type":"image\/jpeg"}],"twitter_card":"summary_large_image","twitter_misc":{"Szacowany czas czytania":"1 minuta"},"schema":{"@context":"https:\/\/schema.org","@graph":[{"@type":"WebPage","@id":"https:\/\/madtools.it\/pl\/misje-i-wartosci\/","url":"https:\/\/madtools.it\/pl\/misje-i-wartosci\/","name":"Misje i warto\u015bci - MadTools","isPartOf":{"@id":"https:\/\/madtools.it\/#website"},"primaryImageOfPage":{"@id":"https:\/\/madtools.it\/pl\/misje-i-wartosci\/#primaryimage"},"image":{"@id":"https:\/\/madtools.it\/pl\/misje-i-wartosci\/#primaryimage"},"thumbnailUrl":"https:\/\/madtools.it\/wp-content\/uploads\/2024\/02\/01AZIENDA_Mission_evalori_Hero.jpg","datePublished":"2024-01-16T09:15:44+00:00","dateModified":"2024-05-21T13:13:53+00:00","breadcrumb":{"@id":"https:\/\/madtools.it\/pl\/misje-i-wartosci\/#breadcrumb"},"inLanguage":"pl-PL","potentialAction":[{"@type":"ReadAction","target":["https:\/\/madtools.it\/pl\/misje-i-wartosci\/"]}]},{"@type":"ImageObject","inLanguage":"pl-PL","@id":"https:\/\/madtools.it\/pl\/misje-i-wartosci\/#primaryimage","url":"https:\/\/madtools.it\/wp-content\/uploads\/2024\/02\/01AZIENDA_Mission_evalori_Hero.jpg","contentUrl":"https:\/\/madtools.it\/wp-content\/uploads\/2024\/02\/01AZIENDA_Mission_evalori_Hero.jpg","width":1024,"height":683},{"@type":"BreadcrumbList","@id":"https:\/\/madtools.it\/pl\/misje-i-wartosci\/#breadcrumb","itemListElement":[{"@type":"ListItem","position":1,"name":"Home","item":"https:\/\/madtools.it\/pl\/"},{"@type":"ListItem","position":2,"name":"Misje i warto\u015bci"}]},{"@type":"WebSite","@id":"https:\/\/madtools.it\/#website","url":"https:\/\/madtools.it\/","name":"MadTools","description":"","potentialAction":[{"@type":"SearchAction","target":{"@type":"EntryPoint","urlTemplate":"https:\/\/madtools.it\/?s={search_term_string}"},"query-input":{"@type":"PropertyValueSpecification","valueRequired":true,"valueName":"search_term_string"}}],"inLanguage":"pl-PL"}]}},"_links":{"self":[{"href":"https:\/\/madtools.it\/pl\/wp-json\/wp\/v2\/pages\/2302","targetHints":{"allow":["GET"]}}],"collection":[{"href":"https:\/\/madtools.it\/pl\/wp-json\/wp\/v2\/pages"}],"about":[{"href":"https:\/\/madtools.it\/pl\/wp-json\/wp\/v2\/types\/page"}],"author":[{"embeddable":true,"href":"https:\/\/madtools.it\/pl\/wp-json\/wp\/v2\/users\/1"}],"replies":[{"embeddable":true,"href":"https:\/\/madtools.it\/pl\/wp-json\/wp\/v2\/comments?post=2302"}],"version-history":[{"count":2,"href":"https:\/\/madtools.it\/pl\/wp-json\/wp\/v2\/pages\/2302\/revisions"}],"predecessor-version":[{"id":2306,"href":"https:\/\/madtools.it\/pl\/wp-json\/wp\/v2\/pages\/2302\/revisions\/2306"}],"wp:featuredmedia":[{"embeddable":true,"href":"https:\/\/madtools.it\/pl\/wp-json\/wp\/v2\/media\/2298"}],"wp:attachment":[{"href":"https:\/\/madtools.it\/pl\/wp-json\/wp\/v2\/media?parent=2302"}],"curies":[{"name":"wp","href":"https:\/\/api.w.org\/{rel}","templated":true}]}}