{"id":2008,"date":"2024-01-16T10:14:33","date_gmt":"2024-01-16T09:14:33","guid":{"rendered":"https:\/\/madtools.it\/madtools\/"},"modified":"2024-04-15T15:58:22","modified_gmt":"2024-04-15T13:58:22","slug":"madtools","status":"publish","type":"page","link":"https:\/\/madtools.it\/pl\/madtools\/","title":{"rendered":"MadTools"},"content":{"rendered":"\n<h1 class=\"wp-block-heading\"><strong><strong><strong>Rodzina z innowacjami technologicznymi w swoim DNA<\/strong><\/strong><\/strong><\/h1>\n\n\n\n<p>MadTools powsta\u0142o w 2019 roku z pomys\u0142u braci Andrea i Daniele Marchetti, ostatniego pokolenia rodziny przedsi\u0119biorc\u00f3w.<br>Ambicja? Stw\u00f3rz co\u015b nowego w dobrze znanej bran\u017cy narz\u0119dzi mechanicznych.<br>W MadTools do\u015bwiadczenie i innowacja znalaz\u0142y swoj\u0105 wsp\u00f3\u0142czesn\u0105 syntez\u0119 w przekonaniu, \u017ce faza projektowania i faza komercyjna s\u0105 kamieniami w\u0119gielnymi cnotliwego procesu produkcyjnego.<\/p>\n","protected":false},"excerpt":{"rendered":"<p>Rodzina z innowacjami technologicznymi w swoim DNA MadTools powsta\u0142o w 2019 roku z pomys\u0142u braci Andrea i Daniele Marchetti, ostatniego pokolenia rodziny przedsi\u0119biorc\u00f3w.Ambicja? Stw\u00f3rz co\u015b nowego w dobrze znanej bran\u017cy narz\u0119dzi mechanicznych.W MadTools do\u015bwiadczenie i innowacja znalaz\u0142y swoj\u0105 wsp\u00f3\u0142czesn\u0105 syntez\u0119 w przekonaniu, \u017ce faza projektowania i faza komercyjna s\u0105 kamieniami w\u0119gielnymi cnotliwego procesu produkcyjnego.<\/p>\n","protected":false},"author":1,"featured_media":2018,"parent":0,"menu_order":7,"comment_status":"closed","ping_status":"closed","template":"templates\/about.php","meta":{"_acf_changed":false,"inline_featured_image":false,"footnotes":""},"class_list":["post-2008","page","type-page","status-publish","has-post-thumbnail","hentry"],"acf":[],"yoast_head":"<!-- This site is optimized with the Yoast SEO plugin v27.3 - https:\/\/yoast.com\/product\/yoast-seo-wordpress\/ -->\n<title>MadTools - MadTools<\/title>\n<meta name=\"robots\" content=\"index, follow, max-snippet:-1, max-image-preview:large, max-video-preview:-1\" \/>\n<link rel=\"canonical\" href=\"https:\/\/madtools.it\/pl\/madtools\/\" \/>\n<meta property=\"og:locale\" content=\"pl_PL\" \/>\n<meta property=\"og:type\" content=\"article\" \/>\n<meta property=\"og:title\" content=\"MadTools - MadTools\" \/>\n<meta property=\"og:description\" content=\"Rodzina z innowacjami technologicznymi w swoim DNA MadTools powsta\u0142o w 2019 roku z pomys\u0142u braci Andrea i Daniele Marchetti, ostatniego pokolenia rodziny przedsi\u0119biorc\u00f3w.Ambicja? Stw\u00f3rz co\u015b nowego w dobrze znanej bran\u017cy narz\u0119dzi mechanicznych.W MadTools do\u015bwiadczenie i innowacja znalaz\u0142y swoj\u0105 wsp\u00f3\u0142czesn\u0105 syntez\u0119 w przekonaniu, \u017ce faza projektowania i faza komercyjna s\u0105 kamieniami w\u0119gielnymi cnotliwego procesu produkcyjnego.\" \/>\n<meta property=\"og:url\" content=\"https:\/\/madtools.it\/pl\/madtools\/\" \/>\n<meta property=\"og:site_name\" content=\"MadTools\" \/>\n<meta property=\"article:modified_time\" content=\"2024-04-15T13:58:22+00:00\" \/>\n<meta property=\"og:image\" content=\"https:\/\/madtools.it\/wp-content\/uploads\/2024\/03\/MENU_01Azienda-3.jpg\" \/>\n\t<meta property=\"og:image:width\" content=\"678\" \/>\n\t<meta property=\"og:image:height\" content=\"683\" \/>\n\t<meta property=\"og:image:type\" content=\"image\/jpeg\" \/>\n<meta name=\"twitter:card\" content=\"summary_large_image\" \/>\n<meta name=\"twitter:label1\" content=\"Szacowany czas czytania\" \/>\n\t<meta name=\"twitter:data1\" content=\"1 minuta\" \/>\n<script type=\"application\/ld+json\" class=\"yoast-schema-graph\">{\"@context\":\"https:\\\/\\\/schema.org\",\"@graph\":[{\"@type\":\"WebPage\",\"@id\":\"https:\\\/\\\/madtools.it\\\/pl\\\/madtools\\\/\",\"url\":\"https:\\\/\\\/madtools.it\\\/pl\\\/madtools\\\/\",\"name\":\"MadTools - MadTools\",\"isPartOf\":{\"@id\":\"https:\\\/\\\/madtools.it\\\/#website\"},\"primaryImageOfPage\":{\"@id\":\"https:\\\/\\\/madtools.it\\\/pl\\\/madtools\\\/#primaryimage\"},\"image\":{\"@id\":\"https:\\\/\\\/madtools.it\\\/pl\\\/madtools\\\/#primaryimage\"},\"thumbnailUrl\":\"https:\\\/\\\/madtools.it\\\/wp-content\\\/uploads\\\/2024\\\/03\\\/MENU_01Azienda-3.jpg\",\"datePublished\":\"2024-01-16T09:14:33+00:00\",\"dateModified\":\"2024-04-15T13:58:22+00:00\",\"breadcrumb\":{\"@id\":\"https:\\\/\\\/madtools.it\\\/pl\\\/madtools\\\/#breadcrumb\"},\"inLanguage\":\"pl-PL\",\"potentialAction\":[{\"@type\":\"ReadAction\",\"target\":[\"https:\\\/\\\/madtools.it\\\/pl\\\/madtools\\\/\"]}]},{\"@type\":\"ImageObject\",\"inLanguage\":\"pl-PL\",\"@id\":\"https:\\\/\\\/madtools.it\\\/pl\\\/madtools\\\/#primaryimage\",\"url\":\"https:\\\/\\\/madtools.it\\\/wp-content\\\/uploads\\\/2024\\\/03\\\/MENU_01Azienda-3.jpg\",\"contentUrl\":\"https:\\\/\\\/madtools.it\\\/wp-content\\\/uploads\\\/2024\\\/03\\\/MENU_01Azienda-3.jpg\",\"width\":678,\"height\":683},{\"@type\":\"BreadcrumbList\",\"@id\":\"https:\\\/\\\/madtools.it\\\/pl\\\/madtools\\\/#breadcrumb\",\"itemListElement\":[{\"@type\":\"ListItem\",\"position\":1,\"name\":\"Home\",\"item\":\"https:\\\/\\\/madtools.it\\\/pl\\\/\"},{\"@type\":\"ListItem\",\"position\":2,\"name\":\"MadTools\"}]},{\"@type\":\"WebSite\",\"@id\":\"https:\\\/\\\/madtools.it\\\/#website\",\"url\":\"https:\\\/\\\/madtools.it\\\/\",\"name\":\"MadTools\",\"description\":\"\",\"potentialAction\":[{\"@type\":\"SearchAction\",\"target\":{\"@type\":\"EntryPoint\",\"urlTemplate\":\"https:\\\/\\\/madtools.it\\\/?s={search_term_string}\"},\"query-input\":{\"@type\":\"PropertyValueSpecification\",\"valueRequired\":true,\"valueName\":\"search_term_string\"}}],\"inLanguage\":\"pl-PL\"}]}<\/script>\n<!-- \/ Yoast SEO plugin. -->","yoast_head_json":{"title":"MadTools - MadTools","robots":{"index":"index","follow":"follow","max-snippet":"max-snippet:-1","max-image-preview":"max-image-preview:large","max-video-preview":"max-video-preview:-1"},"canonical":"https:\/\/madtools.it\/pl\/madtools\/","og_locale":"pl_PL","og_type":"article","og_title":"MadTools - MadTools","og_description":"Rodzina z innowacjami technologicznymi w swoim DNA MadTools powsta\u0142o w 2019 roku z pomys\u0142u braci Andrea i Daniele Marchetti, ostatniego pokolenia rodziny przedsi\u0119biorc\u00f3w.Ambicja? Stw\u00f3rz co\u015b nowego w dobrze znanej bran\u017cy narz\u0119dzi mechanicznych.W MadTools do\u015bwiadczenie i innowacja znalaz\u0142y swoj\u0105 wsp\u00f3\u0142czesn\u0105 syntez\u0119 w przekonaniu, \u017ce faza projektowania i faza komercyjna s\u0105 kamieniami w\u0119gielnymi cnotliwego procesu produkcyjnego.","og_url":"https:\/\/madtools.it\/pl\/madtools\/","og_site_name":"MadTools","article_modified_time":"2024-04-15T13:58:22+00:00","og_image":[{"width":678,"height":683,"url":"https:\/\/madtools.it\/wp-content\/uploads\/2024\/03\/MENU_01Azienda-3.jpg","type":"image\/jpeg"}],"twitter_card":"summary_large_image","twitter_misc":{"Szacowany czas czytania":"1 minuta"},"schema":{"@context":"https:\/\/schema.org","@graph":[{"@type":"WebPage","@id":"https:\/\/madtools.it\/pl\/madtools\/","url":"https:\/\/madtools.it\/pl\/madtools\/","name":"MadTools - MadTools","isPartOf":{"@id":"https:\/\/madtools.it\/#website"},"primaryImageOfPage":{"@id":"https:\/\/madtools.it\/pl\/madtools\/#primaryimage"},"image":{"@id":"https:\/\/madtools.it\/pl\/madtools\/#primaryimage"},"thumbnailUrl":"https:\/\/madtools.it\/wp-content\/uploads\/2024\/03\/MENU_01Azienda-3.jpg","datePublished":"2024-01-16T09:14:33+00:00","dateModified":"2024-04-15T13:58:22+00:00","breadcrumb":{"@id":"https:\/\/madtools.it\/pl\/madtools\/#breadcrumb"},"inLanguage":"pl-PL","potentialAction":[{"@type":"ReadAction","target":["https:\/\/madtools.it\/pl\/madtools\/"]}]},{"@type":"ImageObject","inLanguage":"pl-PL","@id":"https:\/\/madtools.it\/pl\/madtools\/#primaryimage","url":"https:\/\/madtools.it\/wp-content\/uploads\/2024\/03\/MENU_01Azienda-3.jpg","contentUrl":"https:\/\/madtools.it\/wp-content\/uploads\/2024\/03\/MENU_01Azienda-3.jpg","width":678,"height":683},{"@type":"BreadcrumbList","@id":"https:\/\/madtools.it\/pl\/madtools\/#breadcrumb","itemListElement":[{"@type":"ListItem","position":1,"name":"Home","item":"https:\/\/madtools.it\/pl\/"},{"@type":"ListItem","position":2,"name":"MadTools"}]},{"@type":"WebSite","@id":"https:\/\/madtools.it\/#website","url":"https:\/\/madtools.it\/","name":"MadTools","description":"","potentialAction":[{"@type":"SearchAction","target":{"@type":"EntryPoint","urlTemplate":"https:\/\/madtools.it\/?s={search_term_string}"},"query-input":{"@type":"PropertyValueSpecification","valueRequired":true,"valueName":"search_term_string"}}],"inLanguage":"pl-PL"}]}},"_links":{"self":[{"href":"https:\/\/madtools.it\/pl\/wp-json\/wp\/v2\/pages\/2008","targetHints":{"allow":["GET"]}}],"collection":[{"href":"https:\/\/madtools.it\/pl\/wp-json\/wp\/v2\/pages"}],"about":[{"href":"https:\/\/madtools.it\/pl\/wp-json\/wp\/v2\/types\/page"}],"author":[{"embeddable":true,"href":"https:\/\/madtools.it\/pl\/wp-json\/wp\/v2\/users\/1"}],"replies":[{"embeddable":true,"href":"https:\/\/madtools.it\/pl\/wp-json\/wp\/v2\/comments?post=2008"}],"version-history":[{"count":9,"href":"https:\/\/madtools.it\/pl\/wp-json\/wp\/v2\/pages\/2008\/revisions"}],"predecessor-version":[{"id":2033,"href":"https:\/\/madtools.it\/pl\/wp-json\/wp\/v2\/pages\/2008\/revisions\/2033"}],"wp:featuredmedia":[{"embeddable":true,"href":"https:\/\/madtools.it\/pl\/wp-json\/wp\/v2\/media\/2018"}],"wp:attachment":[{"href":"https:\/\/madtools.it\/pl\/wp-json\/wp\/v2\/media?parent=2008"}],"curies":[{"name":"wp","href":"https:\/\/api.w.org\/{rel}","templated":true}]}}