{"id":2484,"date":"2024-01-25T11:39:12","date_gmt":"2024-01-25T10:39:12","guid":{"rendered":"https:\/\/madtools.it\/?page_id=2484"},"modified":"2024-05-17T12:26:21","modified_gmt":"2024-05-17T10:26:21","slug":"cames-et-equipments","status":"publish","type":"page","link":"https:\/\/madtools.it\/fr\/cames-et-equipments\/","title":{"rendered":"Cames et \u00e9quipments"},"content":{"rendered":"\n<h1 class=\"wp-block-heading\">Cames et \u00e9quipments<\/h1>\n\n\n\n<p>Nos plusieurs d\u00e9cennies d\u2019exp\u00e9rience dans le secteur des tours multibroches nous permettent de d\u00e9velopper et de produire des cames sp\u00e9cialis\u00e9es et des \u00e9quipements sp\u00e9cifiques, con\u00e7us sur mesure pour vos exigences. Chacun de ces \u00e9l\u00e9ments est construit avec une pr\u00e9cision artisanale, en s\u2019adaptant au cycle de travail et aux caract\u00e9ristiques de votre machine.<\/p>\n\n\n\n<p><\/p>\n","protected":false},"excerpt":{"rendered":"<p>Cames et \u00e9quipments Nos plusieurs d\u00e9cennies d\u2019exp\u00e9rience dans le secteur des tours multibroches nous permettent de d\u00e9velopper et de produire des cames sp\u00e9cialis\u00e9es et des \u00e9quipements sp\u00e9cifiques, con\u00e7us sur mesure pour vos exigences. Chacun de ces \u00e9l\u00e9ments est construit avec une pr\u00e9cision artisanale, en s\u2019adaptant au cycle de travail et aux caract\u00e9ristiques de votre machine.<\/p>\n","protected":false},"author":1,"featured_media":2486,"parent":0,"menu_order":1,"comment_status":"closed","ping_status":"closed","template":"templates\/attrezzature.php","meta":{"_acf_changed":false,"inline_featured_image":false,"footnotes":""},"class_list":["post-2484","page","type-page","status-publish","has-post-thumbnail","hentry"],"acf":[],"yoast_head":"<!-- This site is optimized with the Yoast SEO plugin v27.3 - https:\/\/yoast.com\/product\/yoast-seo-wordpress\/ -->\n<title>Cames et \u00e9quipments - MadTools<\/title>\n<meta name=\"robots\" content=\"index, follow, max-snippet:-1, max-image-preview:large, max-video-preview:-1\" \/>\n<link rel=\"canonical\" href=\"https:\/\/madtools.it\/fr\/cames-et-equipments\/\" \/>\n<meta property=\"og:locale\" content=\"fr_FR\" \/>\n<meta property=\"og:type\" content=\"article\" \/>\n<meta property=\"og:title\" content=\"Cames et \u00e9quipments - MadTools\" \/>\n<meta property=\"og:description\" content=\"Cames et \u00e9quipments Nos plusieurs d\u00e9cennies d\u2019exp\u00e9rience dans le secteur des tours multibroches nous permettent de d\u00e9velopper et de produire des cames sp\u00e9cialis\u00e9es et des \u00e9quipements sp\u00e9cifiques, con\u00e7us sur mesure pour vos exigences. Chacun de ces \u00e9l\u00e9ments est construit avec une pr\u00e9cision artisanale, en s\u2019adaptant au cycle de travail et aux caract\u00e9ristiques de votre machine.\" \/>\n<meta property=\"og:url\" content=\"https:\/\/madtools.it\/fr\/cames-et-equipments\/\" \/>\n<meta property=\"og:site_name\" content=\"MadTools\" \/>\n<meta property=\"article:modified_time\" content=\"2024-05-17T10:26:21+00:00\" \/>\n<meta property=\"og:image\" content=\"https:\/\/madtools.it\/wp-content\/uploads\/2024\/02\/02PRODOTTI_camme_e_attrezzature_hero-1.jpg\" \/>\n\t<meta property=\"og:image:width\" content=\"1024\" \/>\n\t<meta property=\"og:image:height\" content=\"683\" \/>\n\t<meta property=\"og:image:type\" content=\"image\/jpeg\" \/>\n<meta name=\"twitter:card\" content=\"summary_large_image\" \/>\n<meta name=\"twitter:label1\" content=\"Dur\u00e9e de lecture estim\u00e9e\" \/>\n\t<meta name=\"twitter:data1\" content=\"1 minute\" \/>\n<script type=\"application\/ld+json\" class=\"yoast-schema-graph\">{\"@context\":\"https:\\\/\\\/schema.org\",\"@graph\":[{\"@type\":\"WebPage\",\"@id\":\"https:\\\/\\\/madtools.it\\\/fr\\\/cames-et-equipments\\\/\",\"url\":\"https:\\\/\\\/madtools.it\\\/fr\\\/cames-et-equipments\\\/\",\"name\":\"Cames et \u00e9quipments - MadTools\",\"isPartOf\":{\"@id\":\"https:\\\/\\\/madtools.it\\\/#website\"},\"primaryImageOfPage\":{\"@id\":\"https:\\\/\\\/madtools.it\\\/fr\\\/cames-et-equipments\\\/#primaryimage\"},\"image\":{\"@id\":\"https:\\\/\\\/madtools.it\\\/fr\\\/cames-et-equipments\\\/#primaryimage\"},\"thumbnailUrl\":\"https:\\\/\\\/madtools.it\\\/wp-content\\\/uploads\\\/2024\\\/02\\\/02PRODOTTI_camme_e_attrezzature_hero-1.jpg\",\"datePublished\":\"2024-01-25T10:39:12+00:00\",\"dateModified\":\"2024-05-17T10:26:21+00:00\",\"breadcrumb\":{\"@id\":\"https:\\\/\\\/madtools.it\\\/fr\\\/cames-et-equipments\\\/#breadcrumb\"},\"inLanguage\":\"fr-FR\",\"potentialAction\":[{\"@type\":\"ReadAction\",\"target\":[\"https:\\\/\\\/madtools.it\\\/fr\\\/cames-et-equipments\\\/\"]}]},{\"@type\":\"ImageObject\",\"inLanguage\":\"fr-FR\",\"@id\":\"https:\\\/\\\/madtools.it\\\/fr\\\/cames-et-equipments\\\/#primaryimage\",\"url\":\"https:\\\/\\\/madtools.it\\\/wp-content\\\/uploads\\\/2024\\\/02\\\/02PRODOTTI_camme_e_attrezzature_hero-1.jpg\",\"contentUrl\":\"https:\\\/\\\/madtools.it\\\/wp-content\\\/uploads\\\/2024\\\/02\\\/02PRODOTTI_camme_e_attrezzature_hero-1.jpg\",\"width\":1024,\"height\":683},{\"@type\":\"BreadcrumbList\",\"@id\":\"https:\\\/\\\/madtools.it\\\/fr\\\/cames-et-equipments\\\/#breadcrumb\",\"itemListElement\":[{\"@type\":\"ListItem\",\"position\":1,\"name\":\"Home\",\"item\":\"https:\\\/\\\/madtools.it\\\/fr\\\/\"},{\"@type\":\"ListItem\",\"position\":2,\"name\":\"Cames et \u00e9quipments\"}]},{\"@type\":\"WebSite\",\"@id\":\"https:\\\/\\\/madtools.it\\\/#website\",\"url\":\"https:\\\/\\\/madtools.it\\\/\",\"name\":\"MadTools\",\"description\":\"\",\"potentialAction\":[{\"@type\":\"SearchAction\",\"target\":{\"@type\":\"EntryPoint\",\"urlTemplate\":\"https:\\\/\\\/madtools.it\\\/?s={search_term_string}\"},\"query-input\":{\"@type\":\"PropertyValueSpecification\",\"valueRequired\":true,\"valueName\":\"search_term_string\"}}],\"inLanguage\":\"fr-FR\"}]}<\/script>\n<!-- \/ Yoast SEO plugin. -->","yoast_head_json":{"title":"Cames et \u00e9quipments - MadTools","robots":{"index":"index","follow":"follow","max-snippet":"max-snippet:-1","max-image-preview":"max-image-preview:large","max-video-preview":"max-video-preview:-1"},"canonical":"https:\/\/madtools.it\/fr\/cames-et-equipments\/","og_locale":"fr_FR","og_type":"article","og_title":"Cames et \u00e9quipments - MadTools","og_description":"Cames et \u00e9quipments Nos plusieurs d\u00e9cennies d\u2019exp\u00e9rience dans le secteur des tours multibroches nous permettent de d\u00e9velopper et de produire des cames sp\u00e9cialis\u00e9es et des \u00e9quipements sp\u00e9cifiques, con\u00e7us sur mesure pour vos exigences. Chacun de ces \u00e9l\u00e9ments est construit avec une pr\u00e9cision artisanale, en s\u2019adaptant au cycle de travail et aux caract\u00e9ristiques de votre machine.","og_url":"https:\/\/madtools.it\/fr\/cames-et-equipments\/","og_site_name":"MadTools","article_modified_time":"2024-05-17T10:26:21+00:00","og_image":[{"width":1024,"height":683,"url":"https:\/\/madtools.it\/wp-content\/uploads\/2024\/02\/02PRODOTTI_camme_e_attrezzature_hero-1.jpg","type":"image\/jpeg"}],"twitter_card":"summary_large_image","twitter_misc":{"Dur\u00e9e de lecture estim\u00e9e":"1 minute"},"schema":{"@context":"https:\/\/schema.org","@graph":[{"@type":"WebPage","@id":"https:\/\/madtools.it\/fr\/cames-et-equipments\/","url":"https:\/\/madtools.it\/fr\/cames-et-equipments\/","name":"Cames et \u00e9quipments - MadTools","isPartOf":{"@id":"https:\/\/madtools.it\/#website"},"primaryImageOfPage":{"@id":"https:\/\/madtools.it\/fr\/cames-et-equipments\/#primaryimage"},"image":{"@id":"https:\/\/madtools.it\/fr\/cames-et-equipments\/#primaryimage"},"thumbnailUrl":"https:\/\/madtools.it\/wp-content\/uploads\/2024\/02\/02PRODOTTI_camme_e_attrezzature_hero-1.jpg","datePublished":"2024-01-25T10:39:12+00:00","dateModified":"2024-05-17T10:26:21+00:00","breadcrumb":{"@id":"https:\/\/madtools.it\/fr\/cames-et-equipments\/#breadcrumb"},"inLanguage":"fr-FR","potentialAction":[{"@type":"ReadAction","target":["https:\/\/madtools.it\/fr\/cames-et-equipments\/"]}]},{"@type":"ImageObject","inLanguage":"fr-FR","@id":"https:\/\/madtools.it\/fr\/cames-et-equipments\/#primaryimage","url":"https:\/\/madtools.it\/wp-content\/uploads\/2024\/02\/02PRODOTTI_camme_e_attrezzature_hero-1.jpg","contentUrl":"https:\/\/madtools.it\/wp-content\/uploads\/2024\/02\/02PRODOTTI_camme_e_attrezzature_hero-1.jpg","width":1024,"height":683},{"@type":"BreadcrumbList","@id":"https:\/\/madtools.it\/fr\/cames-et-equipments\/#breadcrumb","itemListElement":[{"@type":"ListItem","position":1,"name":"Home","item":"https:\/\/madtools.it\/fr\/"},{"@type":"ListItem","position":2,"name":"Cames et \u00e9quipments"}]},{"@type":"WebSite","@id":"https:\/\/madtools.it\/#website","url":"https:\/\/madtools.it\/","name":"MadTools","description":"","potentialAction":[{"@type":"SearchAction","target":{"@type":"EntryPoint","urlTemplate":"https:\/\/madtools.it\/?s={search_term_string}"},"query-input":{"@type":"PropertyValueSpecification","valueRequired":true,"valueName":"search_term_string"}}],"inLanguage":"fr-FR"}]}},"_links":{"self":[{"href":"https:\/\/madtools.it\/fr\/wp-json\/wp\/v2\/pages\/2484","targetHints":{"allow":["GET"]}}],"collection":[{"href":"https:\/\/madtools.it\/fr\/wp-json\/wp\/v2\/pages"}],"about":[{"href":"https:\/\/madtools.it\/fr\/wp-json\/wp\/v2\/types\/page"}],"author":[{"embeddable":true,"href":"https:\/\/madtools.it\/fr\/wp-json\/wp\/v2\/users\/1"}],"replies":[{"embeddable":true,"href":"https:\/\/madtools.it\/fr\/wp-json\/wp\/v2\/comments?post=2484"}],"version-history":[{"count":2,"href":"https:\/\/madtools.it\/fr\/wp-json\/wp\/v2\/pages\/2484\/revisions"}],"predecessor-version":[{"id":2489,"href":"https:\/\/madtools.it\/fr\/wp-json\/wp\/v2\/pages\/2484\/revisions\/2489"}],"wp:featuredmedia":[{"embeddable":true,"href":"https:\/\/madtools.it\/fr\/wp-json\/wp\/v2\/media\/2486"}],"wp:attachment":[{"href":"https:\/\/madtools.it\/fr\/wp-json\/wp\/v2\/media?parent=2484"}],"curies":[{"name":"wp","href":"https:\/\/api.w.org\/{rel}","templated":true}]}}