{"id":1857,"date":"2024-01-16T10:16:47","date_gmt":"2024-01-16T09:16:47","guid":{"rendered":"https:\/\/madtools.it\/parco-macchine\/"},"modified":"2024-03-29T14:17:00","modified_gmt":"2024-03-29T13:17:00","slug":"parc-de-machines","status":"publish","type":"page","link":"https:\/\/madtools.it\/fr\/parc-de-machines\/","title":{"rendered":"Parc de Machines"},"content":{"rendered":"\n<h1 class=\"wp-block-heading\"><strong>Un parc de machines \u00e0 la pointe de la technologie<\/strong><\/h1>\n\n\n\n<p>Notre d\u00e9partement de production dispose d\u2019un parc de machines \u00e0 la pointe de la technologie.\u2028Cela nous permet de r\u00e9pondre rapidement aux exigences techniques et de production de tous nos clients.<br>Dans notre site de production de Bonate Sotto (Bergame), nous disposons des machines suivantes:\u2028<\/p>\n\n\n\n<ul class=\"wp-block-list\">\n<li>Machines d\u2019aff\u00fbtage CNC<\/li>\n\n\n\n<li>Centres d\u2019usinage<\/li>\n\n\n\n<li>Machines d\u2019\u00e9lectro\u00e9rosion (EDM &#8211; electric discharge machining)<\/li>\n\n\n\n<li>Machines pour le contr\u00f4le de la qualit\u00e9<\/li>\n\n\n\n<li>Installation de soudobrasage (CARBURE BRAS\u00c8)<\/li>\n\n\n\n<li>Machine laser pour le suivi des produits<\/li>\n<\/ul>\n\n\n\n<p><\/p>\n\n\n\n<p>Avant d\u2019\u00eatre exp\u00e9di\u00e9, chaque outil est soumis \u00e0 des contr\u00f4les rigoureux. De plus, il sera accompagn\u00e9 de certificats individuels d\u2019essai final. Dans notre site de production de Bonate Sotto (Bergame), nous avons cr\u00e9\u00e9 une salle \u00e0 temp\u00e9rature contr\u00f4l\u00e9e d\u00e9di\u00e9e exclusivement \u00e0 l\u2019inspection de chaque pi\u00e8ce produite. Gr\u00e2ce \u00e0 notre machine de contr\u00f4le CNC Zoller, nous sommes en mesure d\u2019effectuer un examen complet et automatique de tous les types d\u2019outils.<\/p>\n\n\n\n<p>Apr\u00e8s avoir pass\u00e9 le contr\u00f4le de qualit\u00e9, chaque outil est marqu\u00e9 d\u2019un code interne et d\u2019un code client pour une tra\u00e7abilit\u00e9 maximale. Nous pouvons ainsi retrouver \u00e0 tout moment toutes les caract\u00e9ristiques techniques et de production de l\u2019outil.<\/p>\n","protected":false},"excerpt":{"rendered":"<p>Un parc de machines \u00e0 la pointe de la technologie Notre d\u00e9partement de production dispose d\u2019un parc de machines \u00e0 la pointe de la technologie.\u2028Cela nous permet de r\u00e9pondre rapidement aux exigences techniques et de production de tous nos clients.Dans notre site de production de Bonate Sotto (Bergame), nous disposons des machines suivantes:\u2028 Avant d\u2019\u00eatre [&hellip;]<\/p>\n","protected":false},"author":1,"featured_media":1859,"parent":0,"menu_order":9,"comment_status":"closed","ping_status":"closed","template":"templates\/parco-macchine.php","meta":{"_acf_changed":false,"inline_featured_image":false,"footnotes":""},"class_list":["post-1857","page","type-page","status-publish","has-post-thumbnail","hentry"],"acf":[],"yoast_head":"<!-- This site is optimized with the Yoast SEO plugin v27.3 - https:\/\/yoast.com\/product\/yoast-seo-wordpress\/ -->\n<title>Parc de Machines - MadTools<\/title>\n<meta name=\"robots\" content=\"index, follow, max-snippet:-1, max-image-preview:large, max-video-preview:-1\" \/>\n<link rel=\"canonical\" href=\"https:\/\/madtools.it\/parco-macchine\/\" \/>\n<meta property=\"og:locale\" content=\"fr_FR\" \/>\n<meta property=\"og:type\" content=\"article\" \/>\n<meta property=\"og:title\" content=\"Parc de Machines - MadTools\" \/>\n<meta property=\"og:description\" content=\"Un parc de machines \u00e0 la pointe de la technologie Notre d\u00e9partement de production dispose d\u2019un parc de machines \u00e0 la pointe de la technologie.\u2028Cela nous permet de r\u00e9pondre rapidement aux exigences techniques et de production de tous nos clients.Dans notre site de production de Bonate Sotto (Bergame), nous disposons des machines suivantes:\u2028 Avant d\u2019\u00eatre [&hellip;]\" \/>\n<meta property=\"og:url\" content=\"https:\/\/madtools.it\/parco-macchine\/\" \/>\n<meta property=\"og:site_name\" content=\"MadTools\" \/>\n<meta property=\"article:modified_time\" content=\"2024-03-29T13:17:00+00:00\" \/>\n<meta property=\"og:image\" content=\"https:\/\/madtools.it\/wp-content\/uploads\/2024\/02\/04PARCOMACCHINE_HERO.jpg\" \/>\n\t<meta property=\"og:image:width\" content=\"1024\" \/>\n\t<meta property=\"og:image:height\" content=\"683\" \/>\n\t<meta property=\"og:image:type\" content=\"image\/jpeg\" \/>\n<meta name=\"twitter:card\" content=\"summary_large_image\" \/>\n<meta name=\"twitter:label1\" content=\"Dur\u00e9e de lecture estim\u00e9e\" \/>\n\t<meta name=\"twitter:data1\" content=\"2 minutes\" \/>\n<script type=\"application\/ld+json\" class=\"yoast-schema-graph\">{\"@context\":\"https:\\\/\\\/schema.org\",\"@graph\":[{\"@type\":\"WebPage\",\"@id\":\"https:\\\/\\\/madtools.it\\\/parco-macchine\\\/\",\"url\":\"https:\\\/\\\/madtools.it\\\/parco-macchine\\\/\",\"name\":\"Parc de Machines - MadTools\",\"isPartOf\":{\"@id\":\"https:\\\/\\\/madtools.it\\\/#website\"},\"primaryImageOfPage\":{\"@id\":\"https:\\\/\\\/madtools.it\\\/parco-macchine\\\/#primaryimage\"},\"image\":{\"@id\":\"https:\\\/\\\/madtools.it\\\/parco-macchine\\\/#primaryimage\"},\"thumbnailUrl\":\"https:\\\/\\\/madtools.it\\\/wp-content\\\/uploads\\\/2024\\\/02\\\/04PARCOMACCHINE_HERO.jpg\",\"datePublished\":\"2024-01-16T09:16:47+00:00\",\"dateModified\":\"2024-03-29T13:17:00+00:00\",\"breadcrumb\":{\"@id\":\"https:\\\/\\\/madtools.it\\\/parco-macchine\\\/#breadcrumb\"},\"inLanguage\":\"fr-FR\",\"potentialAction\":[{\"@type\":\"ReadAction\",\"target\":[\"https:\\\/\\\/madtools.it\\\/parco-macchine\\\/\"]}]},{\"@type\":\"ImageObject\",\"inLanguage\":\"fr-FR\",\"@id\":\"https:\\\/\\\/madtools.it\\\/parco-macchine\\\/#primaryimage\",\"url\":\"https:\\\/\\\/madtools.it\\\/wp-content\\\/uploads\\\/2024\\\/02\\\/04PARCOMACCHINE_HERO.jpg\",\"contentUrl\":\"https:\\\/\\\/madtools.it\\\/wp-content\\\/uploads\\\/2024\\\/02\\\/04PARCOMACCHINE_HERO.jpg\",\"width\":1024,\"height\":683},{\"@type\":\"BreadcrumbList\",\"@id\":\"https:\\\/\\\/madtools.it\\\/parco-macchine\\\/#breadcrumb\",\"itemListElement\":[{\"@type\":\"ListItem\",\"position\":1,\"name\":\"Home\",\"item\":\"https:\\\/\\\/madtools.it\\\/fr\\\/\"},{\"@type\":\"ListItem\",\"position\":2,\"name\":\"Parc de Machines\"}]},{\"@type\":\"WebSite\",\"@id\":\"https:\\\/\\\/madtools.it\\\/#website\",\"url\":\"https:\\\/\\\/madtools.it\\\/\",\"name\":\"MadTools\",\"description\":\"\",\"potentialAction\":[{\"@type\":\"SearchAction\",\"target\":{\"@type\":\"EntryPoint\",\"urlTemplate\":\"https:\\\/\\\/madtools.it\\\/?s={search_term_string}\"},\"query-input\":{\"@type\":\"PropertyValueSpecification\",\"valueRequired\":true,\"valueName\":\"search_term_string\"}}],\"inLanguage\":\"fr-FR\"}]}<\/script>\n<!-- \/ Yoast SEO plugin. -->","yoast_head_json":{"title":"Parc de Machines - MadTools","robots":{"index":"index","follow":"follow","max-snippet":"max-snippet:-1","max-image-preview":"max-image-preview:large","max-video-preview":"max-video-preview:-1"},"canonical":"https:\/\/madtools.it\/parco-macchine\/","og_locale":"fr_FR","og_type":"article","og_title":"Parc de Machines - MadTools","og_description":"Un parc de machines \u00e0 la pointe de la technologie Notre d\u00e9partement de production dispose d\u2019un parc de machines \u00e0 la pointe de la technologie.\u2028Cela nous permet de r\u00e9pondre rapidement aux exigences techniques et de production de tous nos clients.Dans notre site de production de Bonate Sotto (Bergame), nous disposons des machines suivantes:\u2028 Avant d\u2019\u00eatre [&hellip;]","og_url":"https:\/\/madtools.it\/parco-macchine\/","og_site_name":"MadTools","article_modified_time":"2024-03-29T13:17:00+00:00","og_image":[{"width":1024,"height":683,"url":"https:\/\/madtools.it\/wp-content\/uploads\/2024\/02\/04PARCOMACCHINE_HERO.jpg","type":"image\/jpeg"}],"twitter_card":"summary_large_image","twitter_misc":{"Dur\u00e9e de lecture estim\u00e9e":"2 minutes"},"schema":{"@context":"https:\/\/schema.org","@graph":[{"@type":"WebPage","@id":"https:\/\/madtools.it\/parco-macchine\/","url":"https:\/\/madtools.it\/parco-macchine\/","name":"Parc de Machines - MadTools","isPartOf":{"@id":"https:\/\/madtools.it\/#website"},"primaryImageOfPage":{"@id":"https:\/\/madtools.it\/parco-macchine\/#primaryimage"},"image":{"@id":"https:\/\/madtools.it\/parco-macchine\/#primaryimage"},"thumbnailUrl":"https:\/\/madtools.it\/wp-content\/uploads\/2024\/02\/04PARCOMACCHINE_HERO.jpg","datePublished":"2024-01-16T09:16:47+00:00","dateModified":"2024-03-29T13:17:00+00:00","breadcrumb":{"@id":"https:\/\/madtools.it\/parco-macchine\/#breadcrumb"},"inLanguage":"fr-FR","potentialAction":[{"@type":"ReadAction","target":["https:\/\/madtools.it\/parco-macchine\/"]}]},{"@type":"ImageObject","inLanguage":"fr-FR","@id":"https:\/\/madtools.it\/parco-macchine\/#primaryimage","url":"https:\/\/madtools.it\/wp-content\/uploads\/2024\/02\/04PARCOMACCHINE_HERO.jpg","contentUrl":"https:\/\/madtools.it\/wp-content\/uploads\/2024\/02\/04PARCOMACCHINE_HERO.jpg","width":1024,"height":683},{"@type":"BreadcrumbList","@id":"https:\/\/madtools.it\/parco-macchine\/#breadcrumb","itemListElement":[{"@type":"ListItem","position":1,"name":"Home","item":"https:\/\/madtools.it\/fr\/"},{"@type":"ListItem","position":2,"name":"Parc de Machines"}]},{"@type":"WebSite","@id":"https:\/\/madtools.it\/#website","url":"https:\/\/madtools.it\/","name":"MadTools","description":"","potentialAction":[{"@type":"SearchAction","target":{"@type":"EntryPoint","urlTemplate":"https:\/\/madtools.it\/?s={search_term_string}"},"query-input":{"@type":"PropertyValueSpecification","valueRequired":true,"valueName":"search_term_string"}}],"inLanguage":"fr-FR"}]}},"_links":{"self":[{"href":"https:\/\/madtools.it\/fr\/wp-json\/wp\/v2\/pages\/1857","targetHints":{"allow":["GET"]}}],"collection":[{"href":"https:\/\/madtools.it\/fr\/wp-json\/wp\/v2\/pages"}],"about":[{"href":"https:\/\/madtools.it\/fr\/wp-json\/wp\/v2\/types\/page"}],"author":[{"embeddable":true,"href":"https:\/\/madtools.it\/fr\/wp-json\/wp\/v2\/users\/1"}],"replies":[{"embeddable":true,"href":"https:\/\/madtools.it\/fr\/wp-json\/wp\/v2\/comments?post=1857"}],"version-history":[{"count":3,"href":"https:\/\/madtools.it\/fr\/wp-json\/wp\/v2\/pages\/1857\/revisions"}],"predecessor-version":[{"id":1962,"href":"https:\/\/madtools.it\/fr\/wp-json\/wp\/v2\/pages\/1857\/revisions\/1962"}],"wp:featuredmedia":[{"embeddable":true,"href":"https:\/\/madtools.it\/fr\/wp-json\/wp\/v2\/media\/1859"}],"wp:attachment":[{"href":"https:\/\/madtools.it\/fr\/wp-json\/wp\/v2\/media?parent=1857"}],"curies":[{"name":"wp","href":"https:\/\/api.w.org\/{rel}","templated":true}]}}