{"id":1848,"date":"2024-01-16T10:16:30","date_gmt":"2024-01-16T09:16:30","guid":{"rendered":"https:\/\/madtools.it\/servizi\/"},"modified":"2024-05-17T09:49:03","modified_gmt":"2024-05-17T07:49:03","slug":"services","status":"publish","type":"page","link":"https:\/\/madtools.it\/fr\/services\/","title":{"rendered":"Services"},"content":{"rendered":"\n<h1 class=\"wp-block-heading\">Nos services<\/h1>\n\n\n\n<p>Chez MadTools, nous sommes en mesure de fournir \u00e0 chaque client un service complet dans la conception et la construction d\u2019outils pour l\u2019enl\u00e8vement de copeaux, de r\u00e9aff\u00fbtage, d\u2019\u00e9tude de cycles et de stockage.<\/p>\n\n\n\n<p>Voici tous les services que nous proposons.<\/p>\n","protected":false},"excerpt":{"rendered":"<p>Nos services Chez MadTools, nous sommes en mesure de fournir \u00e0 chaque client un service complet dans la conception et la construction d\u2019outils pour l\u2019enl\u00e8vement de copeaux, de r\u00e9aff\u00fbtage, d\u2019\u00e9tude de cycles et de stockage. Voici tous les services que nous proposons.<\/p>\n","protected":false},"author":1,"featured_media":1849,"parent":0,"menu_order":12,"comment_status":"closed","ping_status":"closed","template":"templates\/services.php","meta":{"_acf_changed":false,"inline_featured_image":false,"footnotes":""},"class_list":["post-1848","page","type-page","status-publish","has-post-thumbnail","hentry"],"acf":[],"yoast_head":"<!-- This site is optimized with the Yoast SEO plugin v27.3 - https:\/\/yoast.com\/product\/yoast-seo-wordpress\/ -->\n<title>Services - MadTools<\/title>\n<meta name=\"robots\" content=\"index, follow, max-snippet:-1, max-image-preview:large, max-video-preview:-1\" \/>\n<link rel=\"canonical\" href=\"https:\/\/madtools.it\/fr\/services\/\" \/>\n<meta property=\"og:locale\" content=\"fr_FR\" \/>\n<meta property=\"og:type\" content=\"article\" \/>\n<meta property=\"og:title\" content=\"Services - MadTools\" \/>\n<meta property=\"og:description\" content=\"Nos services Chez MadTools, nous sommes en mesure de fournir \u00e0 chaque client un service complet dans la conception et la construction d\u2019outils pour l\u2019enl\u00e8vement de copeaux, de r\u00e9aff\u00fbtage, d\u2019\u00e9tude de cycles et de stockage. Voici tous les services que nous proposons.\" \/>\n<meta property=\"og:url\" content=\"https:\/\/madtools.it\/fr\/services\/\" \/>\n<meta property=\"og:site_name\" content=\"MadTools\" \/>\n<meta property=\"article:modified_time\" content=\"2024-05-17T07:49:03+00:00\" \/>\n<meta property=\"og:image\" content=\"https:\/\/madtools.it\/wp-content\/uploads\/2024\/02\/03SERVIZI_hero.jpg\" \/>\n\t<meta property=\"og:image:width\" content=\"1024\" \/>\n\t<meta property=\"og:image:height\" content=\"683\" \/>\n\t<meta property=\"og:image:type\" content=\"image\/jpeg\" \/>\n<meta name=\"twitter:card\" content=\"summary_large_image\" \/>\n<meta name=\"twitter:label1\" content=\"Dur\u00e9e de lecture estim\u00e9e\" \/>\n\t<meta name=\"twitter:data1\" content=\"1 minute\" \/>\n<script type=\"application\/ld+json\" class=\"yoast-schema-graph\">{\"@context\":\"https:\\\/\\\/schema.org\",\"@graph\":[{\"@type\":\"WebPage\",\"@id\":\"https:\\\/\\\/madtools.it\\\/fr\\\/services\\\/\",\"url\":\"https:\\\/\\\/madtools.it\\\/fr\\\/services\\\/\",\"name\":\"Services - MadTools\",\"isPartOf\":{\"@id\":\"https:\\\/\\\/madtools.it\\\/#website\"},\"primaryImageOfPage\":{\"@id\":\"https:\\\/\\\/madtools.it\\\/fr\\\/services\\\/#primaryimage\"},\"image\":{\"@id\":\"https:\\\/\\\/madtools.it\\\/fr\\\/services\\\/#primaryimage\"},\"thumbnailUrl\":\"https:\\\/\\\/madtools.it\\\/wp-content\\\/uploads\\\/2024\\\/02\\\/03SERVIZI_hero.jpg\",\"datePublished\":\"2024-01-16T09:16:30+00:00\",\"dateModified\":\"2024-05-17T07:49:03+00:00\",\"breadcrumb\":{\"@id\":\"https:\\\/\\\/madtools.it\\\/fr\\\/services\\\/#breadcrumb\"},\"inLanguage\":\"fr-FR\",\"potentialAction\":[{\"@type\":\"ReadAction\",\"target\":[\"https:\\\/\\\/madtools.it\\\/fr\\\/services\\\/\"]}]},{\"@type\":\"ImageObject\",\"inLanguage\":\"fr-FR\",\"@id\":\"https:\\\/\\\/madtools.it\\\/fr\\\/services\\\/#primaryimage\",\"url\":\"https:\\\/\\\/madtools.it\\\/wp-content\\\/uploads\\\/2024\\\/02\\\/03SERVIZI_hero.jpg\",\"contentUrl\":\"https:\\\/\\\/madtools.it\\\/wp-content\\\/uploads\\\/2024\\\/02\\\/03SERVIZI_hero.jpg\",\"width\":1024,\"height\":683},{\"@type\":\"BreadcrumbList\",\"@id\":\"https:\\\/\\\/madtools.it\\\/fr\\\/services\\\/#breadcrumb\",\"itemListElement\":[{\"@type\":\"ListItem\",\"position\":1,\"name\":\"Home\",\"item\":\"https:\\\/\\\/madtools.it\\\/fr\\\/\"},{\"@type\":\"ListItem\",\"position\":2,\"name\":\"Services\"}]},{\"@type\":\"WebSite\",\"@id\":\"https:\\\/\\\/madtools.it\\\/#website\",\"url\":\"https:\\\/\\\/madtools.it\\\/\",\"name\":\"MadTools\",\"description\":\"\",\"potentialAction\":[{\"@type\":\"SearchAction\",\"target\":{\"@type\":\"EntryPoint\",\"urlTemplate\":\"https:\\\/\\\/madtools.it\\\/?s={search_term_string}\"},\"query-input\":{\"@type\":\"PropertyValueSpecification\",\"valueRequired\":true,\"valueName\":\"search_term_string\"}}],\"inLanguage\":\"fr-FR\"}]}<\/script>\n<!-- \/ Yoast SEO plugin. -->","yoast_head_json":{"title":"Services - MadTools","robots":{"index":"index","follow":"follow","max-snippet":"max-snippet:-1","max-image-preview":"max-image-preview:large","max-video-preview":"max-video-preview:-1"},"canonical":"https:\/\/madtools.it\/fr\/services\/","og_locale":"fr_FR","og_type":"article","og_title":"Services - MadTools","og_description":"Nos services Chez MadTools, nous sommes en mesure de fournir \u00e0 chaque client un service complet dans la conception et la construction d\u2019outils pour l\u2019enl\u00e8vement de copeaux, de r\u00e9aff\u00fbtage, d\u2019\u00e9tude de cycles et de stockage. Voici tous les services que nous proposons.","og_url":"https:\/\/madtools.it\/fr\/services\/","og_site_name":"MadTools","article_modified_time":"2024-05-17T07:49:03+00:00","og_image":[{"width":1024,"height":683,"url":"https:\/\/madtools.it\/wp-content\/uploads\/2024\/02\/03SERVIZI_hero.jpg","type":"image\/jpeg"}],"twitter_card":"summary_large_image","twitter_misc":{"Dur\u00e9e de lecture estim\u00e9e":"1 minute"},"schema":{"@context":"https:\/\/schema.org","@graph":[{"@type":"WebPage","@id":"https:\/\/madtools.it\/fr\/services\/","url":"https:\/\/madtools.it\/fr\/services\/","name":"Services - MadTools","isPartOf":{"@id":"https:\/\/madtools.it\/#website"},"primaryImageOfPage":{"@id":"https:\/\/madtools.it\/fr\/services\/#primaryimage"},"image":{"@id":"https:\/\/madtools.it\/fr\/services\/#primaryimage"},"thumbnailUrl":"https:\/\/madtools.it\/wp-content\/uploads\/2024\/02\/03SERVIZI_hero.jpg","datePublished":"2024-01-16T09:16:30+00:00","dateModified":"2024-05-17T07:49:03+00:00","breadcrumb":{"@id":"https:\/\/madtools.it\/fr\/services\/#breadcrumb"},"inLanguage":"fr-FR","potentialAction":[{"@type":"ReadAction","target":["https:\/\/madtools.it\/fr\/services\/"]}]},{"@type":"ImageObject","inLanguage":"fr-FR","@id":"https:\/\/madtools.it\/fr\/services\/#primaryimage","url":"https:\/\/madtools.it\/wp-content\/uploads\/2024\/02\/03SERVIZI_hero.jpg","contentUrl":"https:\/\/madtools.it\/wp-content\/uploads\/2024\/02\/03SERVIZI_hero.jpg","width":1024,"height":683},{"@type":"BreadcrumbList","@id":"https:\/\/madtools.it\/fr\/services\/#breadcrumb","itemListElement":[{"@type":"ListItem","position":1,"name":"Home","item":"https:\/\/madtools.it\/fr\/"},{"@type":"ListItem","position":2,"name":"Services"}]},{"@type":"WebSite","@id":"https:\/\/madtools.it\/#website","url":"https:\/\/madtools.it\/","name":"MadTools","description":"","potentialAction":[{"@type":"SearchAction","target":{"@type":"EntryPoint","urlTemplate":"https:\/\/madtools.it\/?s={search_term_string}"},"query-input":{"@type":"PropertyValueSpecification","valueRequired":true,"valueName":"search_term_string"}}],"inLanguage":"fr-FR"}]}},"_links":{"self":[{"href":"https:\/\/madtools.it\/fr\/wp-json\/wp\/v2\/pages\/1848","targetHints":{"allow":["GET"]}}],"collection":[{"href":"https:\/\/madtools.it\/fr\/wp-json\/wp\/v2\/pages"}],"about":[{"href":"https:\/\/madtools.it\/fr\/wp-json\/wp\/v2\/types\/page"}],"author":[{"embeddable":true,"href":"https:\/\/madtools.it\/fr\/wp-json\/wp\/v2\/users\/1"}],"replies":[{"embeddable":true,"href":"https:\/\/madtools.it\/fr\/wp-json\/wp\/v2\/comments?post=1848"}],"version-history":[{"count":6,"href":"https:\/\/madtools.it\/fr\/wp-json\/wp\/v2\/pages\/1848\/revisions"}],"predecessor-version":[{"id":1856,"href":"https:\/\/madtools.it\/fr\/wp-json\/wp\/v2\/pages\/1848\/revisions\/1856"}],"wp:featuredmedia":[{"embeddable":true,"href":"https:\/\/madtools.it\/fr\/wp-json\/wp\/v2\/media\/1849"}],"wp:attachment":[{"href":"https:\/\/madtools.it\/fr\/wp-json\/wp\/v2\/media?parent=1848"}],"curies":[{"name":"wp","href":"https:\/\/api.w.org\/{rel}","templated":true}]}}