{"id":1694,"date":"2024-01-16T10:15:59","date_gmt":"2024-01-16T09:15:59","guid":{"rendered":"https:\/\/madtools.it\/persone\/"},"modified":"2024-03-29T14:17:10","modified_gmt":"2024-03-29T13:17:10","slug":"personnel","status":"publish","type":"page","link":"https:\/\/madtools.it\/fr\/personnel\/","title":{"rendered":"Personnel"},"content":{"rendered":"\n<h1 class=\"wp-block-heading\">La force<br>de notre \u00e9quipe<\/h1>\n\n\n\n<p>Ce sont les personnes qui font la grandeur des entreprises.<\/p>\n\n\n\n<p>Nous croyons en la force d\u2019une \u00e9quipe et aux synergies professionnelles qui peuvent \u00eatre g\u00e9n\u00e9r\u00e9es en accordant la juste valeur aux relations humaines.<\/p>\n\n\n\n<p>Des cours de <strong>formation<\/strong>, des <strong>mises \u00e0 jour<\/strong> constantes, <strong>de la motivation<\/strong> \u00e0 l\u2019\u00e9gard d\u2019objectifs communs et un fort <strong>esprit de collaboration<\/strong> font partie de notre climat d\u2019entreprise et nous sommes certains que tout ceci influence chacun de nos projets.<\/p>\n","protected":false},"excerpt":{"rendered":"<p>La forcede notre \u00e9quipe Ce sont les personnes qui font la grandeur des entreprises. Nous croyons en la force d\u2019une \u00e9quipe et aux synergies professionnelles qui peuvent \u00eatre g\u00e9n\u00e9r\u00e9es en accordant la juste valeur aux relations humaines. Des cours de formation, des mises \u00e0 jour constantes, de la motivation \u00e0 l\u2019\u00e9gard d\u2019objectifs communs et un [&hellip;]<\/p>\n","protected":false},"author":1,"featured_media":1696,"parent":0,"menu_order":10,"comment_status":"closed","ping_status":"closed","template":"templates\/people.php","meta":{"_acf_changed":false,"inline_featured_image":false,"footnotes":""},"class_list":["post-1694","page","type-page","status-publish","has-post-thumbnail","hentry"],"acf":[],"yoast_head":"<!-- This site is optimized with the Yoast SEO plugin v27.3 - https:\/\/yoast.com\/product\/yoast-seo-wordpress\/ -->\n<title>Personnel - MadTools<\/title>\n<meta name=\"robots\" content=\"index, follow, max-snippet:-1, max-image-preview:large, max-video-preview:-1\" \/>\n<link rel=\"canonical\" href=\"https:\/\/madtools.it\/persone\/\" \/>\n<meta property=\"og:locale\" content=\"fr_FR\" \/>\n<meta property=\"og:type\" content=\"article\" \/>\n<meta property=\"og:title\" content=\"Personnel - MadTools\" \/>\n<meta property=\"og:description\" content=\"La forcede notre \u00e9quipe Ce sont les personnes qui font la grandeur des entreprises. Nous croyons en la force d\u2019une \u00e9quipe et aux synergies professionnelles qui peuvent \u00eatre g\u00e9n\u00e9r\u00e9es en accordant la juste valeur aux relations humaines. Des cours de formation, des mises \u00e0 jour constantes, de la motivation \u00e0 l\u2019\u00e9gard d\u2019objectifs communs et un [&hellip;]\" \/>\n<meta property=\"og:url\" content=\"https:\/\/madtools.it\/persone\/\" \/>\n<meta property=\"og:site_name\" content=\"MadTools\" \/>\n<meta property=\"article:modified_time\" content=\"2024-03-29T13:17:10+00:00\" \/>\n<meta property=\"og:image\" content=\"https:\/\/madtools.it\/wp-content\/uploads\/2024\/02\/01AZIENDA_Persone_hero.jpg\" \/>\n\t<meta property=\"og:image:width\" content=\"1024\" \/>\n\t<meta property=\"og:image:height\" content=\"683\" \/>\n\t<meta property=\"og:image:type\" content=\"image\/jpeg\" \/>\n<meta name=\"twitter:card\" content=\"summary_large_image\" \/>\n<meta name=\"twitter:label1\" content=\"Dur\u00e9e de lecture estim\u00e9e\" \/>\n\t<meta name=\"twitter:data1\" content=\"1 minute\" \/>\n<script type=\"application\/ld+json\" class=\"yoast-schema-graph\">{\"@context\":\"https:\\\/\\\/schema.org\",\"@graph\":[{\"@type\":\"WebPage\",\"@id\":\"https:\\\/\\\/madtools.it\\\/persone\\\/\",\"url\":\"https:\\\/\\\/madtools.it\\\/persone\\\/\",\"name\":\"Personnel - MadTools\",\"isPartOf\":{\"@id\":\"https:\\\/\\\/madtools.it\\\/#website\"},\"primaryImageOfPage\":{\"@id\":\"https:\\\/\\\/madtools.it\\\/persone\\\/#primaryimage\"},\"image\":{\"@id\":\"https:\\\/\\\/madtools.it\\\/persone\\\/#primaryimage\"},\"thumbnailUrl\":\"https:\\\/\\\/madtools.it\\\/wp-content\\\/uploads\\\/2024\\\/02\\\/01AZIENDA_Persone_hero.jpg\",\"datePublished\":\"2024-01-16T09:15:59+00:00\",\"dateModified\":\"2024-03-29T13:17:10+00:00\",\"breadcrumb\":{\"@id\":\"https:\\\/\\\/madtools.it\\\/persone\\\/#breadcrumb\"},\"inLanguage\":\"fr-FR\",\"potentialAction\":[{\"@type\":\"ReadAction\",\"target\":[\"https:\\\/\\\/madtools.it\\\/persone\\\/\"]}]},{\"@type\":\"ImageObject\",\"inLanguage\":\"fr-FR\",\"@id\":\"https:\\\/\\\/madtools.it\\\/persone\\\/#primaryimage\",\"url\":\"https:\\\/\\\/madtools.it\\\/wp-content\\\/uploads\\\/2024\\\/02\\\/01AZIENDA_Persone_hero.jpg\",\"contentUrl\":\"https:\\\/\\\/madtools.it\\\/wp-content\\\/uploads\\\/2024\\\/02\\\/01AZIENDA_Persone_hero.jpg\",\"width\":1024,\"height\":683},{\"@type\":\"BreadcrumbList\",\"@id\":\"https:\\\/\\\/madtools.it\\\/persone\\\/#breadcrumb\",\"itemListElement\":[{\"@type\":\"ListItem\",\"position\":1,\"name\":\"Home\",\"item\":\"https:\\\/\\\/madtools.it\\\/fr\\\/\"},{\"@type\":\"ListItem\",\"position\":2,\"name\":\"Personnel\"}]},{\"@type\":\"WebSite\",\"@id\":\"https:\\\/\\\/madtools.it\\\/#website\",\"url\":\"https:\\\/\\\/madtools.it\\\/\",\"name\":\"MadTools\",\"description\":\"\",\"potentialAction\":[{\"@type\":\"SearchAction\",\"target\":{\"@type\":\"EntryPoint\",\"urlTemplate\":\"https:\\\/\\\/madtools.it\\\/?s={search_term_string}\"},\"query-input\":{\"@type\":\"PropertyValueSpecification\",\"valueRequired\":true,\"valueName\":\"search_term_string\"}}],\"inLanguage\":\"fr-FR\"}]}<\/script>\n<!-- \/ Yoast SEO plugin. -->","yoast_head_json":{"title":"Personnel - MadTools","robots":{"index":"index","follow":"follow","max-snippet":"max-snippet:-1","max-image-preview":"max-image-preview:large","max-video-preview":"max-video-preview:-1"},"canonical":"https:\/\/madtools.it\/persone\/","og_locale":"fr_FR","og_type":"article","og_title":"Personnel - MadTools","og_description":"La forcede notre \u00e9quipe Ce sont les personnes qui font la grandeur des entreprises. Nous croyons en la force d\u2019une \u00e9quipe et aux synergies professionnelles qui peuvent \u00eatre g\u00e9n\u00e9r\u00e9es en accordant la juste valeur aux relations humaines. Des cours de formation, des mises \u00e0 jour constantes, de la motivation \u00e0 l\u2019\u00e9gard d\u2019objectifs communs et un [&hellip;]","og_url":"https:\/\/madtools.it\/persone\/","og_site_name":"MadTools","article_modified_time":"2024-03-29T13:17:10+00:00","og_image":[{"width":1024,"height":683,"url":"https:\/\/madtools.it\/wp-content\/uploads\/2024\/02\/01AZIENDA_Persone_hero.jpg","type":"image\/jpeg"}],"twitter_card":"summary_large_image","twitter_misc":{"Dur\u00e9e de lecture estim\u00e9e":"1 minute"},"schema":{"@context":"https:\/\/schema.org","@graph":[{"@type":"WebPage","@id":"https:\/\/madtools.it\/persone\/","url":"https:\/\/madtools.it\/persone\/","name":"Personnel - MadTools","isPartOf":{"@id":"https:\/\/madtools.it\/#website"},"primaryImageOfPage":{"@id":"https:\/\/madtools.it\/persone\/#primaryimage"},"image":{"@id":"https:\/\/madtools.it\/persone\/#primaryimage"},"thumbnailUrl":"https:\/\/madtools.it\/wp-content\/uploads\/2024\/02\/01AZIENDA_Persone_hero.jpg","datePublished":"2024-01-16T09:15:59+00:00","dateModified":"2024-03-29T13:17:10+00:00","breadcrumb":{"@id":"https:\/\/madtools.it\/persone\/#breadcrumb"},"inLanguage":"fr-FR","potentialAction":[{"@type":"ReadAction","target":["https:\/\/madtools.it\/persone\/"]}]},{"@type":"ImageObject","inLanguage":"fr-FR","@id":"https:\/\/madtools.it\/persone\/#primaryimage","url":"https:\/\/madtools.it\/wp-content\/uploads\/2024\/02\/01AZIENDA_Persone_hero.jpg","contentUrl":"https:\/\/madtools.it\/wp-content\/uploads\/2024\/02\/01AZIENDA_Persone_hero.jpg","width":1024,"height":683},{"@type":"BreadcrumbList","@id":"https:\/\/madtools.it\/persone\/#breadcrumb","itemListElement":[{"@type":"ListItem","position":1,"name":"Home","item":"https:\/\/madtools.it\/fr\/"},{"@type":"ListItem","position":2,"name":"Personnel"}]},{"@type":"WebSite","@id":"https:\/\/madtools.it\/#website","url":"https:\/\/madtools.it\/","name":"MadTools","description":"","potentialAction":[{"@type":"SearchAction","target":{"@type":"EntryPoint","urlTemplate":"https:\/\/madtools.it\/?s={search_term_string}"},"query-input":{"@type":"PropertyValueSpecification","valueRequired":true,"valueName":"search_term_string"}}],"inLanguage":"fr-FR"}]}},"_links":{"self":[{"href":"https:\/\/madtools.it\/fr\/wp-json\/wp\/v2\/pages\/1694","targetHints":{"allow":["GET"]}}],"collection":[{"href":"https:\/\/madtools.it\/fr\/wp-json\/wp\/v2\/pages"}],"about":[{"href":"https:\/\/madtools.it\/fr\/wp-json\/wp\/v2\/types\/page"}],"author":[{"embeddable":true,"href":"https:\/\/madtools.it\/fr\/wp-json\/wp\/v2\/users\/1"}],"replies":[{"embeddable":true,"href":"https:\/\/madtools.it\/fr\/wp-json\/wp\/v2\/comments?post=1694"}],"version-history":[{"count":5,"href":"https:\/\/madtools.it\/fr\/wp-json\/wp\/v2\/pages\/1694\/revisions"}],"predecessor-version":[{"id":1935,"href":"https:\/\/madtools.it\/fr\/wp-json\/wp\/v2\/pages\/1694\/revisions\/1935"}],"wp:featuredmedia":[{"embeddable":true,"href":"https:\/\/madtools.it\/fr\/wp-json\/wp\/v2\/media\/1696"}],"wp:attachment":[{"href":"https:\/\/madtools.it\/fr\/wp-json\/wp\/v2\/media?parent=1694"}],"curies":[{"name":"wp","href":"https:\/\/api.w.org\/{rel}","templated":true}]}}