{"id":1680,"date":"2024-01-16T10:15:44","date_gmt":"2024-01-16T09:15:44","guid":{"rendered":"https:\/\/madtools.it\/missioni-e-valori\/"},"modified":"2024-03-29T14:16:51","modified_gmt":"2024-03-29T13:16:51","slug":"missions-et-valeurs","status":"publish","type":"page","link":"https:\/\/madtools.it\/fr\/missions-et-valeurs\/","title":{"rendered":"Missions et Valeurs"},"content":{"rendered":"\n<h1 class=\"wp-block-heading\"><strong>Notre mission<\/strong>,<br><strong>nos valeurs<\/strong><\/h1>\n\n\n\n<p>Exactement comme pour chaque machine bien r\u00e9alis\u00e9e, nous sommes convaincus que l\u2019entreprise aussi doit disposer, \u00e0 la base, d\u2019un projet \u00e9tudi\u00e9 dans les moindres d\u00e9tails, ainsi que d\u2019une structure solide et partag\u00e9e par tous. \u2028Pour cette raison, nous avons cr\u00e9\u00e9 un v\u00e9ritable \u00ab manifeste \u00bb de ce qu\u2019est MadTools et de ce qu\u2019elle voudra \u00eatre \u00e0 l\u2019avenir.<\/p>\n\n\n\n<h2 class=\"wp-block-heading\"><strong>MAD &#8211; <\/strong>Le Manifeste<\/h2>\n\n\n\n<p>Les principes qui inspirent la Mission de l\u2019entreprise<\/p>\n","protected":false},"excerpt":{"rendered":"<p>Notre mission,nos valeurs Exactement comme pour chaque machine bien r\u00e9alis\u00e9e, nous sommes convaincus que l\u2019entreprise aussi doit disposer, \u00e0 la base, d\u2019un projet \u00e9tudi\u00e9 dans les moindres d\u00e9tails, ainsi que d\u2019une structure solide et partag\u00e9e par tous. \u2028Pour cette raison, nous avons cr\u00e9\u00e9 un v\u00e9ritable \u00ab manifeste \u00bb de ce qu\u2019est MadTools et de ce [&hellip;]<\/p>\n","protected":false},"author":1,"featured_media":1682,"parent":0,"menu_order":8,"comment_status":"closed","ping_status":"closed","template":"templates\/mission.php","meta":{"_acf_changed":false,"inline_featured_image":false,"footnotes":""},"class_list":["post-1680","page","type-page","status-publish","has-post-thumbnail","hentry"],"acf":[],"yoast_head":"<!-- This site is optimized with the Yoast SEO plugin v27.3 - https:\/\/yoast.com\/product\/yoast-seo-wordpress\/ -->\n<title>Missions et Valeurs - MadTools<\/title>\n<meta name=\"robots\" content=\"index, follow, max-snippet:-1, max-image-preview:large, max-video-preview:-1\" \/>\n<link rel=\"canonical\" href=\"https:\/\/madtools.it\/missioni-e-valori\/\" \/>\n<meta property=\"og:locale\" content=\"fr_FR\" \/>\n<meta property=\"og:type\" content=\"article\" \/>\n<meta property=\"og:title\" content=\"Missions et Valeurs - MadTools\" \/>\n<meta property=\"og:description\" content=\"Notre mission,nos valeurs Exactement comme pour chaque machine bien r\u00e9alis\u00e9e, nous sommes convaincus que l\u2019entreprise aussi doit disposer, \u00e0 la base, d\u2019un projet \u00e9tudi\u00e9 dans les moindres d\u00e9tails, ainsi que d\u2019une structure solide et partag\u00e9e par tous. \u2028Pour cette raison, nous avons cr\u00e9\u00e9 un v\u00e9ritable \u00ab manifeste \u00bb de ce qu\u2019est MadTools et de ce [&hellip;]\" \/>\n<meta property=\"og:url\" content=\"https:\/\/madtools.it\/missioni-e-valori\/\" \/>\n<meta property=\"og:site_name\" content=\"MadTools\" \/>\n<meta property=\"article:modified_time\" content=\"2024-03-29T13:16:51+00:00\" \/>\n<meta property=\"og:image\" content=\"https:\/\/madtools.it\/wp-content\/uploads\/2024\/02\/01AZIENDA_Mission_evalori_Hero.jpg\" \/>\n\t<meta property=\"og:image:width\" content=\"1024\" \/>\n\t<meta property=\"og:image:height\" content=\"683\" \/>\n\t<meta property=\"og:image:type\" content=\"image\/jpeg\" \/>\n<meta name=\"twitter:card\" content=\"summary_large_image\" \/>\n<meta name=\"twitter:label1\" content=\"Dur\u00e9e de lecture estim\u00e9e\" \/>\n\t<meta name=\"twitter:data1\" content=\"1 minute\" \/>\n<script type=\"application\/ld+json\" class=\"yoast-schema-graph\">{\"@context\":\"https:\\\/\\\/schema.org\",\"@graph\":[{\"@type\":\"WebPage\",\"@id\":\"https:\\\/\\\/madtools.it\\\/missioni-e-valori\\\/\",\"url\":\"https:\\\/\\\/madtools.it\\\/missioni-e-valori\\\/\",\"name\":\"Missions et Valeurs - MadTools\",\"isPartOf\":{\"@id\":\"https:\\\/\\\/madtools.it\\\/#website\"},\"primaryImageOfPage\":{\"@id\":\"https:\\\/\\\/madtools.it\\\/missioni-e-valori\\\/#primaryimage\"},\"image\":{\"@id\":\"https:\\\/\\\/madtools.it\\\/missioni-e-valori\\\/#primaryimage\"},\"thumbnailUrl\":\"https:\\\/\\\/madtools.it\\\/wp-content\\\/uploads\\\/2024\\\/02\\\/01AZIENDA_Mission_evalori_Hero.jpg\",\"datePublished\":\"2024-01-16T09:15:44+00:00\",\"dateModified\":\"2024-03-29T13:16:51+00:00\",\"breadcrumb\":{\"@id\":\"https:\\\/\\\/madtools.it\\\/missioni-e-valori\\\/#breadcrumb\"},\"inLanguage\":\"fr-FR\",\"potentialAction\":[{\"@type\":\"ReadAction\",\"target\":[\"https:\\\/\\\/madtools.it\\\/missioni-e-valori\\\/\"]}]},{\"@type\":\"ImageObject\",\"inLanguage\":\"fr-FR\",\"@id\":\"https:\\\/\\\/madtools.it\\\/missioni-e-valori\\\/#primaryimage\",\"url\":\"https:\\\/\\\/madtools.it\\\/wp-content\\\/uploads\\\/2024\\\/02\\\/01AZIENDA_Mission_evalori_Hero.jpg\",\"contentUrl\":\"https:\\\/\\\/madtools.it\\\/wp-content\\\/uploads\\\/2024\\\/02\\\/01AZIENDA_Mission_evalori_Hero.jpg\",\"width\":1024,\"height\":683},{\"@type\":\"BreadcrumbList\",\"@id\":\"https:\\\/\\\/madtools.it\\\/missioni-e-valori\\\/#breadcrumb\",\"itemListElement\":[{\"@type\":\"ListItem\",\"position\":1,\"name\":\"Home\",\"item\":\"https:\\\/\\\/madtools.it\\\/fr\\\/\"},{\"@type\":\"ListItem\",\"position\":2,\"name\":\"Missions et Valeurs\"}]},{\"@type\":\"WebSite\",\"@id\":\"https:\\\/\\\/madtools.it\\\/#website\",\"url\":\"https:\\\/\\\/madtools.it\\\/\",\"name\":\"MadTools\",\"description\":\"\",\"potentialAction\":[{\"@type\":\"SearchAction\",\"target\":{\"@type\":\"EntryPoint\",\"urlTemplate\":\"https:\\\/\\\/madtools.it\\\/?s={search_term_string}\"},\"query-input\":{\"@type\":\"PropertyValueSpecification\",\"valueRequired\":true,\"valueName\":\"search_term_string\"}}],\"inLanguage\":\"fr-FR\"}]}<\/script>\n<!-- \/ Yoast SEO plugin. -->","yoast_head_json":{"title":"Missions et Valeurs - MadTools","robots":{"index":"index","follow":"follow","max-snippet":"max-snippet:-1","max-image-preview":"max-image-preview:large","max-video-preview":"max-video-preview:-1"},"canonical":"https:\/\/madtools.it\/missioni-e-valori\/","og_locale":"fr_FR","og_type":"article","og_title":"Missions et Valeurs - MadTools","og_description":"Notre mission,nos valeurs Exactement comme pour chaque machine bien r\u00e9alis\u00e9e, nous sommes convaincus que l\u2019entreprise aussi doit disposer, \u00e0 la base, d\u2019un projet \u00e9tudi\u00e9 dans les moindres d\u00e9tails, ainsi que d\u2019une structure solide et partag\u00e9e par tous. \u2028Pour cette raison, nous avons cr\u00e9\u00e9 un v\u00e9ritable \u00ab manifeste \u00bb de ce qu\u2019est MadTools et de ce [&hellip;]","og_url":"https:\/\/madtools.it\/missioni-e-valori\/","og_site_name":"MadTools","article_modified_time":"2024-03-29T13:16:51+00:00","og_image":[{"width":1024,"height":683,"url":"https:\/\/madtools.it\/wp-content\/uploads\/2024\/02\/01AZIENDA_Mission_evalori_Hero.jpg","type":"image\/jpeg"}],"twitter_card":"summary_large_image","twitter_misc":{"Dur\u00e9e de lecture estim\u00e9e":"1 minute"},"schema":{"@context":"https:\/\/schema.org","@graph":[{"@type":"WebPage","@id":"https:\/\/madtools.it\/missioni-e-valori\/","url":"https:\/\/madtools.it\/missioni-e-valori\/","name":"Missions et Valeurs - MadTools","isPartOf":{"@id":"https:\/\/madtools.it\/#website"},"primaryImageOfPage":{"@id":"https:\/\/madtools.it\/missioni-e-valori\/#primaryimage"},"image":{"@id":"https:\/\/madtools.it\/missioni-e-valori\/#primaryimage"},"thumbnailUrl":"https:\/\/madtools.it\/wp-content\/uploads\/2024\/02\/01AZIENDA_Mission_evalori_Hero.jpg","datePublished":"2024-01-16T09:15:44+00:00","dateModified":"2024-03-29T13:16:51+00:00","breadcrumb":{"@id":"https:\/\/madtools.it\/missioni-e-valori\/#breadcrumb"},"inLanguage":"fr-FR","potentialAction":[{"@type":"ReadAction","target":["https:\/\/madtools.it\/missioni-e-valori\/"]}]},{"@type":"ImageObject","inLanguage":"fr-FR","@id":"https:\/\/madtools.it\/missioni-e-valori\/#primaryimage","url":"https:\/\/madtools.it\/wp-content\/uploads\/2024\/02\/01AZIENDA_Mission_evalori_Hero.jpg","contentUrl":"https:\/\/madtools.it\/wp-content\/uploads\/2024\/02\/01AZIENDA_Mission_evalori_Hero.jpg","width":1024,"height":683},{"@type":"BreadcrumbList","@id":"https:\/\/madtools.it\/missioni-e-valori\/#breadcrumb","itemListElement":[{"@type":"ListItem","position":1,"name":"Home","item":"https:\/\/madtools.it\/fr\/"},{"@type":"ListItem","position":2,"name":"Missions et Valeurs"}]},{"@type":"WebSite","@id":"https:\/\/madtools.it\/#website","url":"https:\/\/madtools.it\/","name":"MadTools","description":"","potentialAction":[{"@type":"SearchAction","target":{"@type":"EntryPoint","urlTemplate":"https:\/\/madtools.it\/?s={search_term_string}"},"query-input":{"@type":"PropertyValueSpecification","valueRequired":true,"valueName":"search_term_string"}}],"inLanguage":"fr-FR"}]}},"_links":{"self":[{"href":"https:\/\/madtools.it\/fr\/wp-json\/wp\/v2\/pages\/1680","targetHints":{"allow":["GET"]}}],"collection":[{"href":"https:\/\/madtools.it\/fr\/wp-json\/wp\/v2\/pages"}],"about":[{"href":"https:\/\/madtools.it\/fr\/wp-json\/wp\/v2\/types\/page"}],"author":[{"embeddable":true,"href":"https:\/\/madtools.it\/fr\/wp-json\/wp\/v2\/users\/1"}],"replies":[{"embeddable":true,"href":"https:\/\/madtools.it\/fr\/wp-json\/wp\/v2\/comments?post=1680"}],"version-history":[{"count":2,"href":"https:\/\/madtools.it\/fr\/wp-json\/wp\/v2\/pages\/1680\/revisions"}],"predecessor-version":[{"id":1693,"href":"https:\/\/madtools.it\/fr\/wp-json\/wp\/v2\/pages\/1680\/revisions\/1693"}],"wp:featuredmedia":[{"embeddable":true,"href":"https:\/\/madtools.it\/fr\/wp-json\/wp\/v2\/media\/1682"}],"wp:attachment":[{"href":"https:\/\/madtools.it\/fr\/wp-json\/wp\/v2\/media?parent=1680"}],"curies":[{"name":"wp","href":"https:\/\/api.w.org\/{rel}","templated":true}]}}