{"id":1666,"date":"2024-01-16T10:14:33","date_gmt":"2024-01-16T09:14:33","guid":{"rendered":"https:\/\/madtools.it\/madtools\/"},"modified":"2024-05-17T09:54:55","modified_gmt":"2024-05-17T07:54:55","slug":"madtools","status":"publish","type":"page","link":"https:\/\/madtools.it\/fr\/madtools\/","title":{"rendered":"MadTools"},"content":{"rendered":"\n<h1 class=\"wp-block-heading\"><strong>Une famille qui porte l\u2019innovation technologique dans les g\u00e8nes<\/strong><\/h1>\n\n\n\n<p>MadTools voit le jour en 2019 gr\u00e2ce \u00e0 une id\u00e9e des fr\u00e8res Andrea et Daniele Marchetti, derni\u00e8re g\u00e9n\u00e9ration d\u2019une famille d\u2019entrepreneurs..<br>Leur ambition ? Cr\u00e9er quelque chose de nouveau dans un secteur bien connu : les outils coupants pour le decolletage et usinage.<br>Chez MadTools, l\u2019exp\u00e9rience et l\u2019innovation ont trouv\u00e9 leur synth\u00e8se contemporaine, avec la conviction que les phases conceptuelle et commerciale sont les fondements d\u2019un processus de production vertueux.<\/p>\n","protected":false},"excerpt":{"rendered":"<p>Une famille qui porte l\u2019innovation technologique dans les g\u00e8nes MadTools voit le jour en 2019 gr\u00e2ce \u00e0 une id\u00e9e des fr\u00e8res Andrea et Daniele Marchetti, derni\u00e8re g\u00e9n\u00e9ration d\u2019une famille d\u2019entrepreneurs..Leur ambition ? Cr\u00e9er quelque chose de nouveau dans un secteur bien connu : les outils coupants pour le decolletage et usinage.Chez MadTools, l\u2019exp\u00e9rience et l\u2019innovation [&hellip;]<\/p>\n","protected":false},"author":1,"featured_media":1929,"parent":0,"menu_order":7,"comment_status":"closed","ping_status":"closed","template":"templates\/about.php","meta":{"_acf_changed":false,"inline_featured_image":false,"footnotes":""},"class_list":["post-1666","page","type-page","status-publish","has-post-thumbnail","hentry"],"acf":[],"yoast_head":"<!-- This site is optimized with the Yoast SEO plugin v27.3 - https:\/\/yoast.com\/product\/yoast-seo-wordpress\/ -->\n<title>MadTools - MadTools<\/title>\n<meta name=\"robots\" content=\"index, follow, max-snippet:-1, max-image-preview:large, max-video-preview:-1\" \/>\n<link rel=\"canonical\" href=\"https:\/\/madtools.it\/fr\/madtools\/\" \/>\n<meta property=\"og:locale\" content=\"fr_FR\" \/>\n<meta property=\"og:type\" content=\"article\" \/>\n<meta property=\"og:title\" content=\"MadTools - MadTools\" \/>\n<meta property=\"og:description\" content=\"Une famille qui porte l\u2019innovation technologique dans les g\u00e8nes MadTools voit le jour en 2019 gr\u00e2ce \u00e0 une id\u00e9e des fr\u00e8res Andrea et Daniele Marchetti, derni\u00e8re g\u00e9n\u00e9ration d\u2019une famille d\u2019entrepreneurs..Leur ambition ? Cr\u00e9er quelque chose de nouveau dans un secteur bien connu : les outils coupants pour le decolletage et usinage.Chez MadTools, l\u2019exp\u00e9rience et l\u2019innovation [&hellip;]\" \/>\n<meta property=\"og:url\" content=\"https:\/\/madtools.it\/fr\/madtools\/\" \/>\n<meta property=\"og:site_name\" content=\"MadTools\" \/>\n<meta property=\"article:modified_time\" content=\"2024-05-17T07:54:55+00:00\" \/>\n<meta property=\"og:image\" content=\"https:\/\/madtools.it\/wp-content\/uploads\/2024\/03\/MENU_01Azienda-3.jpg\" \/>\n\t<meta property=\"og:image:width\" content=\"678\" \/>\n\t<meta property=\"og:image:height\" content=\"683\" \/>\n\t<meta property=\"og:image:type\" content=\"image\/jpeg\" \/>\n<meta name=\"twitter:card\" content=\"summary_large_image\" \/>\n<meta name=\"twitter:label1\" content=\"Dur\u00e9e de lecture estim\u00e9e\" \/>\n\t<meta name=\"twitter:data1\" content=\"1 minute\" \/>\n<script type=\"application\/ld+json\" class=\"yoast-schema-graph\">{\"@context\":\"https:\\\/\\\/schema.org\",\"@graph\":[{\"@type\":\"WebPage\",\"@id\":\"https:\\\/\\\/madtools.it\\\/fr\\\/madtools\\\/\",\"url\":\"https:\\\/\\\/madtools.it\\\/fr\\\/madtools\\\/\",\"name\":\"MadTools - MadTools\",\"isPartOf\":{\"@id\":\"https:\\\/\\\/madtools.it\\\/#website\"},\"primaryImageOfPage\":{\"@id\":\"https:\\\/\\\/madtools.it\\\/fr\\\/madtools\\\/#primaryimage\"},\"image\":{\"@id\":\"https:\\\/\\\/madtools.it\\\/fr\\\/madtools\\\/#primaryimage\"},\"thumbnailUrl\":\"https:\\\/\\\/madtools.it\\\/wp-content\\\/uploads\\\/2024\\\/03\\\/MENU_01Azienda-3.jpg\",\"datePublished\":\"2024-01-16T09:14:33+00:00\",\"dateModified\":\"2024-05-17T07:54:55+00:00\",\"breadcrumb\":{\"@id\":\"https:\\\/\\\/madtools.it\\\/fr\\\/madtools\\\/#breadcrumb\"},\"inLanguage\":\"fr-FR\",\"potentialAction\":[{\"@type\":\"ReadAction\",\"target\":[\"https:\\\/\\\/madtools.it\\\/fr\\\/madtools\\\/\"]}]},{\"@type\":\"ImageObject\",\"inLanguage\":\"fr-FR\",\"@id\":\"https:\\\/\\\/madtools.it\\\/fr\\\/madtools\\\/#primaryimage\",\"url\":\"https:\\\/\\\/madtools.it\\\/wp-content\\\/uploads\\\/2024\\\/03\\\/MENU_01Azienda-3.jpg\",\"contentUrl\":\"https:\\\/\\\/madtools.it\\\/wp-content\\\/uploads\\\/2024\\\/03\\\/MENU_01Azienda-3.jpg\",\"width\":678,\"height\":683},{\"@type\":\"BreadcrumbList\",\"@id\":\"https:\\\/\\\/madtools.it\\\/fr\\\/madtools\\\/#breadcrumb\",\"itemListElement\":[{\"@type\":\"ListItem\",\"position\":1,\"name\":\"Home\",\"item\":\"https:\\\/\\\/madtools.it\\\/fr\\\/\"},{\"@type\":\"ListItem\",\"position\":2,\"name\":\"MadTools\"}]},{\"@type\":\"WebSite\",\"@id\":\"https:\\\/\\\/madtools.it\\\/#website\",\"url\":\"https:\\\/\\\/madtools.it\\\/\",\"name\":\"MadTools\",\"description\":\"\",\"potentialAction\":[{\"@type\":\"SearchAction\",\"target\":{\"@type\":\"EntryPoint\",\"urlTemplate\":\"https:\\\/\\\/madtools.it\\\/?s={search_term_string}\"},\"query-input\":{\"@type\":\"PropertyValueSpecification\",\"valueRequired\":true,\"valueName\":\"search_term_string\"}}],\"inLanguage\":\"fr-FR\"}]}<\/script>\n<!-- \/ Yoast SEO plugin. -->","yoast_head_json":{"title":"MadTools - MadTools","robots":{"index":"index","follow":"follow","max-snippet":"max-snippet:-1","max-image-preview":"max-image-preview:large","max-video-preview":"max-video-preview:-1"},"canonical":"https:\/\/madtools.it\/fr\/madtools\/","og_locale":"fr_FR","og_type":"article","og_title":"MadTools - MadTools","og_description":"Une famille qui porte l\u2019innovation technologique dans les g\u00e8nes MadTools voit le jour en 2019 gr\u00e2ce \u00e0 une id\u00e9e des fr\u00e8res Andrea et Daniele Marchetti, derni\u00e8re g\u00e9n\u00e9ration d\u2019une famille d\u2019entrepreneurs..Leur ambition ? Cr\u00e9er quelque chose de nouveau dans un secteur bien connu : les outils coupants pour le decolletage et usinage.Chez MadTools, l\u2019exp\u00e9rience et l\u2019innovation [&hellip;]","og_url":"https:\/\/madtools.it\/fr\/madtools\/","og_site_name":"MadTools","article_modified_time":"2024-05-17T07:54:55+00:00","og_image":[{"width":678,"height":683,"url":"https:\/\/madtools.it\/wp-content\/uploads\/2024\/03\/MENU_01Azienda-3.jpg","type":"image\/jpeg"}],"twitter_card":"summary_large_image","twitter_misc":{"Dur\u00e9e de lecture estim\u00e9e":"1 minute"},"schema":{"@context":"https:\/\/schema.org","@graph":[{"@type":"WebPage","@id":"https:\/\/madtools.it\/fr\/madtools\/","url":"https:\/\/madtools.it\/fr\/madtools\/","name":"MadTools - MadTools","isPartOf":{"@id":"https:\/\/madtools.it\/#website"},"primaryImageOfPage":{"@id":"https:\/\/madtools.it\/fr\/madtools\/#primaryimage"},"image":{"@id":"https:\/\/madtools.it\/fr\/madtools\/#primaryimage"},"thumbnailUrl":"https:\/\/madtools.it\/wp-content\/uploads\/2024\/03\/MENU_01Azienda-3.jpg","datePublished":"2024-01-16T09:14:33+00:00","dateModified":"2024-05-17T07:54:55+00:00","breadcrumb":{"@id":"https:\/\/madtools.it\/fr\/madtools\/#breadcrumb"},"inLanguage":"fr-FR","potentialAction":[{"@type":"ReadAction","target":["https:\/\/madtools.it\/fr\/madtools\/"]}]},{"@type":"ImageObject","inLanguage":"fr-FR","@id":"https:\/\/madtools.it\/fr\/madtools\/#primaryimage","url":"https:\/\/madtools.it\/wp-content\/uploads\/2024\/03\/MENU_01Azienda-3.jpg","contentUrl":"https:\/\/madtools.it\/wp-content\/uploads\/2024\/03\/MENU_01Azienda-3.jpg","width":678,"height":683},{"@type":"BreadcrumbList","@id":"https:\/\/madtools.it\/fr\/madtools\/#breadcrumb","itemListElement":[{"@type":"ListItem","position":1,"name":"Home","item":"https:\/\/madtools.it\/fr\/"},{"@type":"ListItem","position":2,"name":"MadTools"}]},{"@type":"WebSite","@id":"https:\/\/madtools.it\/#website","url":"https:\/\/madtools.it\/","name":"MadTools","description":"","potentialAction":[{"@type":"SearchAction","target":{"@type":"EntryPoint","urlTemplate":"https:\/\/madtools.it\/?s={search_term_string}"},"query-input":{"@type":"PropertyValueSpecification","valueRequired":true,"valueName":"search_term_string"}}],"inLanguage":"fr-FR"}]}},"_links":{"self":[{"href":"https:\/\/madtools.it\/fr\/wp-json\/wp\/v2\/pages\/1666","targetHints":{"allow":["GET"]}}],"collection":[{"href":"https:\/\/madtools.it\/fr\/wp-json\/wp\/v2\/pages"}],"about":[{"href":"https:\/\/madtools.it\/fr\/wp-json\/wp\/v2\/types\/page"}],"author":[{"embeddable":true,"href":"https:\/\/madtools.it\/fr\/wp-json\/wp\/v2\/users\/1"}],"replies":[{"embeddable":true,"href":"https:\/\/madtools.it\/fr\/wp-json\/wp\/v2\/comments?post=1666"}],"version-history":[{"count":3,"href":"https:\/\/madtools.it\/fr\/wp-json\/wp\/v2\/pages\/1666\/revisions"}],"predecessor-version":[{"id":1679,"href":"https:\/\/madtools.it\/fr\/wp-json\/wp\/v2\/pages\/1666\/revisions\/1679"}],"wp:featuredmedia":[{"embeddable":true,"href":"https:\/\/madtools.it\/fr\/wp-json\/wp\/v2\/media\/1929"}],"wp:attachment":[{"href":"https:\/\/madtools.it\/fr\/wp-json\/wp\/v2\/media?parent=1666"}],"curies":[{"name":"wp","href":"https:\/\/api.w.org\/{rel}","templated":true}]}}