{"id":2491,"date":"2024-01-25T11:39:12","date_gmt":"2024-01-25T10:39:12","guid":{"rendered":"https:\/\/madtools.it\/?page_id=2491"},"modified":"2024-05-17T12:33:26","modified_gmt":"2024-05-17T10:33:26","slug":"levas-y-equipamientos","status":"publish","type":"page","link":"https:\/\/madtools.it\/es\/levas-y-equipamientos\/","title":{"rendered":"Levas y equipamientos"},"content":{"rendered":"\n<h1 class=\"wp-block-heading\">Levas y equipamientos<\/h1>\n\n\n\n<p>Nuestra experiencia de d\u00e9cadas en el sector de los tornos multihusillo nos permite desarrollar y fabricar levas especializadas y equipamientos espec\u00edficos, dise\u00f1ados a medida para tus necesidades. Todos los art\u00edculos se construyen con precisi\u00f3n nanometrica, adapt\u00e1ndose al proceso de mecanizado y a las caracter\u00edsticas de la m\u00e1quina de cada cliente.<\/p>\n","protected":false},"excerpt":{"rendered":"<p>Levas y equipamientos Nuestra experiencia de d\u00e9cadas en el sector de los tornos multihusillo nos permite desarrollar y fabricar levas especializadas y equipamientos espec\u00edficos, dise\u00f1ados a medida para tus necesidades. Todos los art\u00edculos se construyen con precisi\u00f3n nanometrica, adapt\u00e1ndose al proceso de mecanizado y a las caracter\u00edsticas de la m\u00e1quina de cada cliente.<\/p>\n","protected":false},"author":1,"featured_media":2493,"parent":0,"menu_order":1,"comment_status":"closed","ping_status":"closed","template":"templates\/attrezzature.php","meta":{"_acf_changed":false,"inline_featured_image":false,"footnotes":""},"class_list":["post-2491","page","type-page","status-publish","has-post-thumbnail","hentry"],"acf":[],"yoast_head":"<!-- This site is optimized with the Yoast SEO plugin v27.3 - https:\/\/yoast.com\/product\/yoast-seo-wordpress\/ -->\n<title>Levas y equipamientos - MadTools<\/title>\n<meta name=\"robots\" content=\"index, follow, max-snippet:-1, max-image-preview:large, max-video-preview:-1\" \/>\n<link rel=\"canonical\" href=\"https:\/\/madtools.it\/es\/levas-y-equipamientos\/\" \/>\n<meta property=\"og:locale\" content=\"es_ES\" \/>\n<meta property=\"og:type\" content=\"article\" \/>\n<meta property=\"og:title\" content=\"Levas y equipamientos - MadTools\" \/>\n<meta property=\"og:description\" content=\"Levas y equipamientos Nuestra experiencia de d\u00e9cadas en el sector de los tornos multihusillo nos permite desarrollar y fabricar levas especializadas y equipamientos espec\u00edficos, dise\u00f1ados a medida para tus necesidades. Todos los art\u00edculos se construyen con precisi\u00f3n nanometrica, adapt\u00e1ndose al proceso de mecanizado y a las caracter\u00edsticas de la m\u00e1quina de cada cliente.\" \/>\n<meta property=\"og:url\" content=\"https:\/\/madtools.it\/es\/levas-y-equipamientos\/\" \/>\n<meta property=\"og:site_name\" content=\"MadTools\" \/>\n<meta property=\"article:modified_time\" content=\"2024-05-17T10:33:26+00:00\" \/>\n<meta property=\"og:image\" content=\"https:\/\/madtools.it\/wp-content\/uploads\/2024\/02\/02PRODOTTI_camme_e_attrezzature_hero-1.jpg\" \/>\n\t<meta property=\"og:image:width\" content=\"1024\" \/>\n\t<meta property=\"og:image:height\" content=\"683\" \/>\n\t<meta property=\"og:image:type\" content=\"image\/jpeg\" \/>\n<meta name=\"twitter:card\" content=\"summary_large_image\" \/>\n<meta name=\"twitter:label1\" content=\"Tiempo de lectura\" \/>\n\t<meta name=\"twitter:data1\" content=\"1 minuto\" \/>\n<script type=\"application\/ld+json\" class=\"yoast-schema-graph\">{\"@context\":\"https:\\\/\\\/schema.org\",\"@graph\":[{\"@type\":\"WebPage\",\"@id\":\"https:\\\/\\\/madtools.it\\\/es\\\/levas-y-equipamientos\\\/\",\"url\":\"https:\\\/\\\/madtools.it\\\/es\\\/levas-y-equipamientos\\\/\",\"name\":\"Levas y equipamientos - MadTools\",\"isPartOf\":{\"@id\":\"https:\\\/\\\/madtools.it\\\/#website\"},\"primaryImageOfPage\":{\"@id\":\"https:\\\/\\\/madtools.it\\\/es\\\/levas-y-equipamientos\\\/#primaryimage\"},\"image\":{\"@id\":\"https:\\\/\\\/madtools.it\\\/es\\\/levas-y-equipamientos\\\/#primaryimage\"},\"thumbnailUrl\":\"https:\\\/\\\/madtools.it\\\/wp-content\\\/uploads\\\/2024\\\/02\\\/02PRODOTTI_camme_e_attrezzature_hero-1.jpg\",\"datePublished\":\"2024-01-25T10:39:12+00:00\",\"dateModified\":\"2024-05-17T10:33:26+00:00\",\"breadcrumb\":{\"@id\":\"https:\\\/\\\/madtools.it\\\/es\\\/levas-y-equipamientos\\\/#breadcrumb\"},\"inLanguage\":\"es\",\"potentialAction\":[{\"@type\":\"ReadAction\",\"target\":[\"https:\\\/\\\/madtools.it\\\/es\\\/levas-y-equipamientos\\\/\"]}]},{\"@type\":\"ImageObject\",\"inLanguage\":\"es\",\"@id\":\"https:\\\/\\\/madtools.it\\\/es\\\/levas-y-equipamientos\\\/#primaryimage\",\"url\":\"https:\\\/\\\/madtools.it\\\/wp-content\\\/uploads\\\/2024\\\/02\\\/02PRODOTTI_camme_e_attrezzature_hero-1.jpg\",\"contentUrl\":\"https:\\\/\\\/madtools.it\\\/wp-content\\\/uploads\\\/2024\\\/02\\\/02PRODOTTI_camme_e_attrezzature_hero-1.jpg\",\"width\":1024,\"height\":683},{\"@type\":\"BreadcrumbList\",\"@id\":\"https:\\\/\\\/madtools.it\\\/es\\\/levas-y-equipamientos\\\/#breadcrumb\",\"itemListElement\":[{\"@type\":\"ListItem\",\"position\":1,\"name\":\"Home\",\"item\":\"https:\\\/\\\/madtools.it\\\/es\\\/\"},{\"@type\":\"ListItem\",\"position\":2,\"name\":\"Levas y equipamientos\"}]},{\"@type\":\"WebSite\",\"@id\":\"https:\\\/\\\/madtools.it\\\/#website\",\"url\":\"https:\\\/\\\/madtools.it\\\/\",\"name\":\"MadTools\",\"description\":\"\",\"potentialAction\":[{\"@type\":\"SearchAction\",\"target\":{\"@type\":\"EntryPoint\",\"urlTemplate\":\"https:\\\/\\\/madtools.it\\\/?s={search_term_string}\"},\"query-input\":{\"@type\":\"PropertyValueSpecification\",\"valueRequired\":true,\"valueName\":\"search_term_string\"}}],\"inLanguage\":\"es\"}]}<\/script>\n<!-- \/ Yoast SEO plugin. -->","yoast_head_json":{"title":"Levas y equipamientos - MadTools","robots":{"index":"index","follow":"follow","max-snippet":"max-snippet:-1","max-image-preview":"max-image-preview:large","max-video-preview":"max-video-preview:-1"},"canonical":"https:\/\/madtools.it\/es\/levas-y-equipamientos\/","og_locale":"es_ES","og_type":"article","og_title":"Levas y equipamientos - MadTools","og_description":"Levas y equipamientos Nuestra experiencia de d\u00e9cadas en el sector de los tornos multihusillo nos permite desarrollar y fabricar levas especializadas y equipamientos espec\u00edficos, dise\u00f1ados a medida para tus necesidades. Todos los art\u00edculos se construyen con precisi\u00f3n nanometrica, adapt\u00e1ndose al proceso de mecanizado y a las caracter\u00edsticas de la m\u00e1quina de cada cliente.","og_url":"https:\/\/madtools.it\/es\/levas-y-equipamientos\/","og_site_name":"MadTools","article_modified_time":"2024-05-17T10:33:26+00:00","og_image":[{"width":1024,"height":683,"url":"https:\/\/madtools.it\/wp-content\/uploads\/2024\/02\/02PRODOTTI_camme_e_attrezzature_hero-1.jpg","type":"image\/jpeg"}],"twitter_card":"summary_large_image","twitter_misc":{"Tiempo de lectura":"1 minuto"},"schema":{"@context":"https:\/\/schema.org","@graph":[{"@type":"WebPage","@id":"https:\/\/madtools.it\/es\/levas-y-equipamientos\/","url":"https:\/\/madtools.it\/es\/levas-y-equipamientos\/","name":"Levas y equipamientos - MadTools","isPartOf":{"@id":"https:\/\/madtools.it\/#website"},"primaryImageOfPage":{"@id":"https:\/\/madtools.it\/es\/levas-y-equipamientos\/#primaryimage"},"image":{"@id":"https:\/\/madtools.it\/es\/levas-y-equipamientos\/#primaryimage"},"thumbnailUrl":"https:\/\/madtools.it\/wp-content\/uploads\/2024\/02\/02PRODOTTI_camme_e_attrezzature_hero-1.jpg","datePublished":"2024-01-25T10:39:12+00:00","dateModified":"2024-05-17T10:33:26+00:00","breadcrumb":{"@id":"https:\/\/madtools.it\/es\/levas-y-equipamientos\/#breadcrumb"},"inLanguage":"es","potentialAction":[{"@type":"ReadAction","target":["https:\/\/madtools.it\/es\/levas-y-equipamientos\/"]}]},{"@type":"ImageObject","inLanguage":"es","@id":"https:\/\/madtools.it\/es\/levas-y-equipamientos\/#primaryimage","url":"https:\/\/madtools.it\/wp-content\/uploads\/2024\/02\/02PRODOTTI_camme_e_attrezzature_hero-1.jpg","contentUrl":"https:\/\/madtools.it\/wp-content\/uploads\/2024\/02\/02PRODOTTI_camme_e_attrezzature_hero-1.jpg","width":1024,"height":683},{"@type":"BreadcrumbList","@id":"https:\/\/madtools.it\/es\/levas-y-equipamientos\/#breadcrumb","itemListElement":[{"@type":"ListItem","position":1,"name":"Home","item":"https:\/\/madtools.it\/es\/"},{"@type":"ListItem","position":2,"name":"Levas y equipamientos"}]},{"@type":"WebSite","@id":"https:\/\/madtools.it\/#website","url":"https:\/\/madtools.it\/","name":"MadTools","description":"","potentialAction":[{"@type":"SearchAction","target":{"@type":"EntryPoint","urlTemplate":"https:\/\/madtools.it\/?s={search_term_string}"},"query-input":{"@type":"PropertyValueSpecification","valueRequired":true,"valueName":"search_term_string"}}],"inLanguage":"es"}]}},"_links":{"self":[{"href":"https:\/\/madtools.it\/es\/wp-json\/wp\/v2\/pages\/2491","targetHints":{"allow":["GET"]}}],"collection":[{"href":"https:\/\/madtools.it\/es\/wp-json\/wp\/v2\/pages"}],"about":[{"href":"https:\/\/madtools.it\/es\/wp-json\/wp\/v2\/types\/page"}],"author":[{"embeddable":true,"href":"https:\/\/madtools.it\/es\/wp-json\/wp\/v2\/users\/1"}],"replies":[{"embeddable":true,"href":"https:\/\/madtools.it\/es\/wp-json\/wp\/v2\/comments?post=2491"}],"version-history":[{"count":2,"href":"https:\/\/madtools.it\/es\/wp-json\/wp\/v2\/pages\/2491\/revisions"}],"predecessor-version":[{"id":2496,"href":"https:\/\/madtools.it\/es\/wp-json\/wp\/v2\/pages\/2491\/revisions\/2496"}],"wp:featuredmedia":[{"embeddable":true,"href":"https:\/\/madtools.it\/es\/wp-json\/wp\/v2\/media\/2493"}],"wp:attachment":[{"href":"https:\/\/madtools.it\/es\/wp-json\/wp\/v2\/media?parent=2491"}],"curies":[{"name":"wp","href":"https:\/\/api.w.org\/{rel}","templated":true}]}}