{"id":1484,"date":"2024-01-16T10:16:47","date_gmt":"2024-01-16T09:16:47","guid":{"rendered":"https:\/\/madtools.it\/parco-macchine\/"},"modified":"2024-03-29T14:18:33","modified_gmt":"2024-03-29T13:18:33","slug":"tecnologia","status":"publish","type":"page","link":"https:\/\/madtools.it\/es\/tecnologia\/","title":{"rendered":"Tecnologia"},"content":{"rendered":"\n<h1 class=\"wp-block-heading\">Un parque de m\u00e1quinaria de \u00faltima generaci\u00f3n<\/h1>\n\n\n\n<p>INuestro departamento de producci\u00f3n cuenta con maquinaria de \u00faltima generaci\u00f3n. \u2028Esto nos permite responder r\u00e1pidamente a los requisitos t\u00e9cnicos de producci\u00f3n de todos nuestros clientes. En nuestro centro de producci\u00f3n de Bonate Sotto (B\u00e9rgamo) disponemos de la siguiente maquinaria:\u2028<\/p>\n\n\n\n<ul class=\"wp-block-list\">\n<li>Afiladoras CNC<\/li>\n\n\n\n<li>Centros de trabajo<\/li>\n\n\n\n<li>M\u00e1quinas de electroerosi\u00f3n (EDM &#8211; <em>electric discharge machining<\/em>)<\/li>\n\n\n\n<li>M\u00e1quinas para el control de calidad<\/li>\n\n\n\n<li>Sistemas de soldadura<\/li>\n\n\n\n<li>M\u00e1quina l\u00e1ser para el segumiento de productos<\/li>\n<\/ul>\n\n\n\n<p><\/p>\n\n\n\n<p>Antes de su env\u00edo, sometemos a cada herramienta a rigurosos controles, que incluyen certificados de prueba individuales. En nuestra planta de producci\u00f3n de Bonate Sotto (B\u00e9rgamo), hemos creado una sala con temperatura controlada dedicada exclusivamente a la inspecci\u00f3n de cada pieza producida. Gracias a nuestra m\u00e1quina de control CNC Zoller, podemos realizar un examen completo y autom\u00e1tico de todo tipo de herramientas.<\/p>\n\n\n\n<p>Tras pasar el control de calidad, cada herramienta se marca con un c\u00f3digo interno y un c\u00f3digo de cliente para garantizar la m\u00e1xima trazabilidad. De este modo, podemos identificar todas las caracter\u00edsticas t\u00e9cnicas y de producci\u00f3n de la herramienta en cualquier momento.<\/p>\n","protected":false},"excerpt":{"rendered":"<p>Un parque de m\u00e1quinaria de \u00faltima generaci\u00f3n INuestro departamento de producci\u00f3n cuenta con maquinaria de \u00faltima generaci\u00f3n. \u2028Esto nos permite responder r\u00e1pidamente a los requisitos t\u00e9cnicos de producci\u00f3n de todos nuestros clientes. En nuestro centro de producci\u00f3n de Bonate Sotto (B\u00e9rgamo) disponemos de la siguiente maquinaria:\u2028 Antes de su env\u00edo, sometemos a cada herramienta a [&hellip;]<\/p>\n","protected":false},"author":1,"featured_media":1486,"parent":0,"menu_order":9,"comment_status":"closed","ping_status":"closed","template":"templates\/parco-macchine.php","meta":{"_acf_changed":false,"inline_featured_image":false,"footnotes":""},"class_list":["post-1484","page","type-page","status-publish","has-post-thumbnail","hentry"],"acf":[],"yoast_head":"<!-- This site is optimized with the Yoast SEO plugin v27.3 - https:\/\/yoast.com\/product\/yoast-seo-wordpress\/ -->\n<title>Tecnologia - MadTools<\/title>\n<meta name=\"robots\" content=\"index, follow, max-snippet:-1, max-image-preview:large, max-video-preview:-1\" \/>\n<link rel=\"canonical\" href=\"https:\/\/madtools.it\/parco-macchine\/\" \/>\n<meta property=\"og:locale\" content=\"es_ES\" \/>\n<meta property=\"og:type\" content=\"article\" \/>\n<meta property=\"og:title\" content=\"Tecnologia - MadTools\" \/>\n<meta property=\"og:description\" content=\"Un parque de m\u00e1quinaria de \u00faltima generaci\u00f3n INuestro departamento de producci\u00f3n cuenta con maquinaria de \u00faltima generaci\u00f3n. \u2028Esto nos permite responder r\u00e1pidamente a los requisitos t\u00e9cnicos de producci\u00f3n de todos nuestros clientes. En nuestro centro de producci\u00f3n de Bonate Sotto (B\u00e9rgamo) disponemos de la siguiente maquinaria:\u2028 Antes de su env\u00edo, sometemos a cada herramienta a [&hellip;]\" \/>\n<meta property=\"og:url\" content=\"https:\/\/madtools.it\/parco-macchine\/\" \/>\n<meta property=\"og:site_name\" content=\"MadTools\" \/>\n<meta property=\"article:modified_time\" content=\"2024-03-29T13:18:33+00:00\" \/>\n<meta property=\"og:image\" content=\"https:\/\/madtools.it\/wp-content\/uploads\/2024\/02\/04PARCOMACCHINE_HERO.jpg\" \/>\n\t<meta property=\"og:image:width\" content=\"1024\" \/>\n\t<meta property=\"og:image:height\" content=\"683\" \/>\n\t<meta property=\"og:image:type\" content=\"image\/jpeg\" \/>\n<meta name=\"twitter:card\" content=\"summary_large_image\" \/>\n<meta name=\"twitter:label1\" content=\"Tiempo de lectura\" \/>\n\t<meta name=\"twitter:data1\" content=\"2 minutos\" \/>\n<script type=\"application\/ld+json\" class=\"yoast-schema-graph\">{\"@context\":\"https:\\\/\\\/schema.org\",\"@graph\":[{\"@type\":\"WebPage\",\"@id\":\"https:\\\/\\\/madtools.it\\\/parco-macchine\\\/\",\"url\":\"https:\\\/\\\/madtools.it\\\/parco-macchine\\\/\",\"name\":\"Tecnologia - MadTools\",\"isPartOf\":{\"@id\":\"https:\\\/\\\/madtools.it\\\/#website\"},\"primaryImageOfPage\":{\"@id\":\"https:\\\/\\\/madtools.it\\\/parco-macchine\\\/#primaryimage\"},\"image\":{\"@id\":\"https:\\\/\\\/madtools.it\\\/parco-macchine\\\/#primaryimage\"},\"thumbnailUrl\":\"https:\\\/\\\/madtools.it\\\/wp-content\\\/uploads\\\/2024\\\/02\\\/04PARCOMACCHINE_HERO.jpg\",\"datePublished\":\"2024-01-16T09:16:47+00:00\",\"dateModified\":\"2024-03-29T13:18:33+00:00\",\"breadcrumb\":{\"@id\":\"https:\\\/\\\/madtools.it\\\/parco-macchine\\\/#breadcrumb\"},\"inLanguage\":\"es\",\"potentialAction\":[{\"@type\":\"ReadAction\",\"target\":[\"https:\\\/\\\/madtools.it\\\/parco-macchine\\\/\"]}]},{\"@type\":\"ImageObject\",\"inLanguage\":\"es\",\"@id\":\"https:\\\/\\\/madtools.it\\\/parco-macchine\\\/#primaryimage\",\"url\":\"https:\\\/\\\/madtools.it\\\/wp-content\\\/uploads\\\/2024\\\/02\\\/04PARCOMACCHINE_HERO.jpg\",\"contentUrl\":\"https:\\\/\\\/madtools.it\\\/wp-content\\\/uploads\\\/2024\\\/02\\\/04PARCOMACCHINE_HERO.jpg\",\"width\":1024,\"height\":683},{\"@type\":\"BreadcrumbList\",\"@id\":\"https:\\\/\\\/madtools.it\\\/parco-macchine\\\/#breadcrumb\",\"itemListElement\":[{\"@type\":\"ListItem\",\"position\":1,\"name\":\"Home\",\"item\":\"https:\\\/\\\/madtools.it\\\/es\\\/\"},{\"@type\":\"ListItem\",\"position\":2,\"name\":\"Tecnologia\"}]},{\"@type\":\"WebSite\",\"@id\":\"https:\\\/\\\/madtools.it\\\/#website\",\"url\":\"https:\\\/\\\/madtools.it\\\/\",\"name\":\"MadTools\",\"description\":\"\",\"potentialAction\":[{\"@type\":\"SearchAction\",\"target\":{\"@type\":\"EntryPoint\",\"urlTemplate\":\"https:\\\/\\\/madtools.it\\\/?s={search_term_string}\"},\"query-input\":{\"@type\":\"PropertyValueSpecification\",\"valueRequired\":true,\"valueName\":\"search_term_string\"}}],\"inLanguage\":\"es\"}]}<\/script>\n<!-- \/ Yoast SEO plugin. -->","yoast_head_json":{"title":"Tecnologia - MadTools","robots":{"index":"index","follow":"follow","max-snippet":"max-snippet:-1","max-image-preview":"max-image-preview:large","max-video-preview":"max-video-preview:-1"},"canonical":"https:\/\/madtools.it\/parco-macchine\/","og_locale":"es_ES","og_type":"article","og_title":"Tecnologia - MadTools","og_description":"Un parque de m\u00e1quinaria de \u00faltima generaci\u00f3n INuestro departamento de producci\u00f3n cuenta con maquinaria de \u00faltima generaci\u00f3n. \u2028Esto nos permite responder r\u00e1pidamente a los requisitos t\u00e9cnicos de producci\u00f3n de todos nuestros clientes. En nuestro centro de producci\u00f3n de Bonate Sotto (B\u00e9rgamo) disponemos de la siguiente maquinaria:\u2028 Antes de su env\u00edo, sometemos a cada herramienta a [&hellip;]","og_url":"https:\/\/madtools.it\/parco-macchine\/","og_site_name":"MadTools","article_modified_time":"2024-03-29T13:18:33+00:00","og_image":[{"width":1024,"height":683,"url":"https:\/\/madtools.it\/wp-content\/uploads\/2024\/02\/04PARCOMACCHINE_HERO.jpg","type":"image\/jpeg"}],"twitter_card":"summary_large_image","twitter_misc":{"Tiempo de lectura":"2 minutos"},"schema":{"@context":"https:\/\/schema.org","@graph":[{"@type":"WebPage","@id":"https:\/\/madtools.it\/parco-macchine\/","url":"https:\/\/madtools.it\/parco-macchine\/","name":"Tecnologia - MadTools","isPartOf":{"@id":"https:\/\/madtools.it\/#website"},"primaryImageOfPage":{"@id":"https:\/\/madtools.it\/parco-macchine\/#primaryimage"},"image":{"@id":"https:\/\/madtools.it\/parco-macchine\/#primaryimage"},"thumbnailUrl":"https:\/\/madtools.it\/wp-content\/uploads\/2024\/02\/04PARCOMACCHINE_HERO.jpg","datePublished":"2024-01-16T09:16:47+00:00","dateModified":"2024-03-29T13:18:33+00:00","breadcrumb":{"@id":"https:\/\/madtools.it\/parco-macchine\/#breadcrumb"},"inLanguage":"es","potentialAction":[{"@type":"ReadAction","target":["https:\/\/madtools.it\/parco-macchine\/"]}]},{"@type":"ImageObject","inLanguage":"es","@id":"https:\/\/madtools.it\/parco-macchine\/#primaryimage","url":"https:\/\/madtools.it\/wp-content\/uploads\/2024\/02\/04PARCOMACCHINE_HERO.jpg","contentUrl":"https:\/\/madtools.it\/wp-content\/uploads\/2024\/02\/04PARCOMACCHINE_HERO.jpg","width":1024,"height":683},{"@type":"BreadcrumbList","@id":"https:\/\/madtools.it\/parco-macchine\/#breadcrumb","itemListElement":[{"@type":"ListItem","position":1,"name":"Home","item":"https:\/\/madtools.it\/es\/"},{"@type":"ListItem","position":2,"name":"Tecnologia"}]},{"@type":"WebSite","@id":"https:\/\/madtools.it\/#website","url":"https:\/\/madtools.it\/","name":"MadTools","description":"","potentialAction":[{"@type":"SearchAction","target":{"@type":"EntryPoint","urlTemplate":"https:\/\/madtools.it\/?s={search_term_string}"},"query-input":{"@type":"PropertyValueSpecification","valueRequired":true,"valueName":"search_term_string"}}],"inLanguage":"es"}]}},"_links":{"self":[{"href":"https:\/\/madtools.it\/es\/wp-json\/wp\/v2\/pages\/1484","targetHints":{"allow":["GET"]}}],"collection":[{"href":"https:\/\/madtools.it\/es\/wp-json\/wp\/v2\/pages"}],"about":[{"href":"https:\/\/madtools.it\/es\/wp-json\/wp\/v2\/types\/page"}],"author":[{"embeddable":true,"href":"https:\/\/madtools.it\/es\/wp-json\/wp\/v2\/users\/1"}],"replies":[{"embeddable":true,"href":"https:\/\/madtools.it\/es\/wp-json\/wp\/v2\/comments?post=1484"}],"version-history":[{"count":2,"href":"https:\/\/madtools.it\/es\/wp-json\/wp\/v2\/pages\/1484\/revisions"}],"predecessor-version":[{"id":1500,"href":"https:\/\/madtools.it\/es\/wp-json\/wp\/v2\/pages\/1484\/revisions\/1500"}],"wp:featuredmedia":[{"embeddable":true,"href":"https:\/\/madtools.it\/es\/wp-json\/wp\/v2\/media\/1486"}],"wp:attachment":[{"href":"https:\/\/madtools.it\/es\/wp-json\/wp\/v2\/media?parent=1484"}],"curies":[{"name":"wp","href":"https:\/\/api.w.org\/{rel}","templated":true}]}}