{"id":1311,"date":"2024-01-16T10:15:44","date_gmt":"2024-01-16T09:15:44","guid":{"rendered":"https:\/\/madtools.it\/missioni-e-valori\/"},"modified":"2024-03-29T14:18:25","modified_gmt":"2024-03-29T13:18:25","slug":"mision-y-valores","status":"publish","type":"page","link":"https:\/\/madtools.it\/es\/mision-y-valores\/","title":{"rendered":"Misi\u00f3n y valores"},"content":{"rendered":"\n<h1 class=\"wp-block-heading\"><strong>Nuestra misi\u00f3n, nuestros valores<\/strong><\/h1>\n\n\n\n<p>Al igual que cualquier m\u00e1quina bien construida, estamos convencidos de que una empresa tambi\u00e9n debe tener como base un proyecto estudiado hasta el \u00faltimo detalle, as\u00ed como una estructura s\u00f3lida y compartida por todos. \u2028Por este motivo, hemos creado un verdadero \u00abmanifiesto\u00bb de lo que es MadTools y de lo que aspira a ser en el futuro. \u2028<\/p>\n\n\n\n<h2 class=\"wp-block-heading\">MAD &#8211; EL MANIFIESTO<\/h2>\n\n\n\n<p>Los principios que inspiran la Misi\u00f3n corporativa \u2028<\/p>\n","protected":false},"excerpt":{"rendered":"<p>Nuestra misi\u00f3n, nuestros valores Al igual que cualquier m\u00e1quina bien construida, estamos convencidos de que una empresa tambi\u00e9n debe tener como base un proyecto estudiado hasta el \u00faltimo detalle, as\u00ed como una estructura s\u00f3lida y compartida por todos. \u2028Por este motivo, hemos creado un verdadero \u00abmanifiesto\u00bb de lo que es MadTools y de lo que [&hellip;]<\/p>\n","protected":false},"author":1,"featured_media":1313,"parent":0,"menu_order":8,"comment_status":"closed","ping_status":"closed","template":"templates\/mission.php","meta":{"_acf_changed":false,"inline_featured_image":false,"footnotes":""},"class_list":["post-1311","page","type-page","status-publish","has-post-thumbnail","hentry"],"acf":[],"yoast_head":"<!-- This site is optimized with the Yoast SEO plugin v27.3 - https:\/\/yoast.com\/product\/yoast-seo-wordpress\/ -->\n<title>Misi\u00f3n y valores - MadTools<\/title>\n<meta name=\"robots\" content=\"index, follow, max-snippet:-1, max-image-preview:large, max-video-preview:-1\" \/>\n<link rel=\"canonical\" href=\"https:\/\/madtools.it\/missioni-e-valori\/\" \/>\n<meta property=\"og:locale\" content=\"es_ES\" \/>\n<meta property=\"og:type\" content=\"article\" \/>\n<meta property=\"og:title\" content=\"Misi\u00f3n y valores - MadTools\" \/>\n<meta property=\"og:description\" content=\"Nuestra misi\u00f3n, nuestros valores Al igual que cualquier m\u00e1quina bien construida, estamos convencidos de que una empresa tambi\u00e9n debe tener como base un proyecto estudiado hasta el \u00faltimo detalle, as\u00ed como una estructura s\u00f3lida y compartida por todos. \u2028Por este motivo, hemos creado un verdadero \u00abmanifiesto\u00bb de lo que es MadTools y de lo que [&hellip;]\" \/>\n<meta property=\"og:url\" content=\"https:\/\/madtools.it\/missioni-e-valori\/\" \/>\n<meta property=\"og:site_name\" content=\"MadTools\" \/>\n<meta property=\"article:modified_time\" content=\"2024-03-29T13:18:25+00:00\" \/>\n<meta property=\"og:image\" content=\"https:\/\/madtools.it\/wp-content\/uploads\/2024\/02\/01AZIENDA_Mission_evalori_Hero.jpg\" \/>\n\t<meta property=\"og:image:width\" content=\"1024\" \/>\n\t<meta property=\"og:image:height\" content=\"683\" \/>\n\t<meta property=\"og:image:type\" content=\"image\/jpeg\" \/>\n<meta name=\"twitter:card\" content=\"summary_large_image\" \/>\n<meta name=\"twitter:label1\" content=\"Tiempo de lectura\" \/>\n\t<meta name=\"twitter:data1\" content=\"1 minuto\" \/>\n<script type=\"application\/ld+json\" class=\"yoast-schema-graph\">{\"@context\":\"https:\\\/\\\/schema.org\",\"@graph\":[{\"@type\":\"WebPage\",\"@id\":\"https:\\\/\\\/madtools.it\\\/missioni-e-valori\\\/\",\"url\":\"https:\\\/\\\/madtools.it\\\/missioni-e-valori\\\/\",\"name\":\"Misi\u00f3n y valores - MadTools\",\"isPartOf\":{\"@id\":\"https:\\\/\\\/madtools.it\\\/#website\"},\"primaryImageOfPage\":{\"@id\":\"https:\\\/\\\/madtools.it\\\/missioni-e-valori\\\/#primaryimage\"},\"image\":{\"@id\":\"https:\\\/\\\/madtools.it\\\/missioni-e-valori\\\/#primaryimage\"},\"thumbnailUrl\":\"https:\\\/\\\/madtools.it\\\/wp-content\\\/uploads\\\/2024\\\/02\\\/01AZIENDA_Mission_evalori_Hero.jpg\",\"datePublished\":\"2024-01-16T09:15:44+00:00\",\"dateModified\":\"2024-03-29T13:18:25+00:00\",\"breadcrumb\":{\"@id\":\"https:\\\/\\\/madtools.it\\\/missioni-e-valori\\\/#breadcrumb\"},\"inLanguage\":\"es\",\"potentialAction\":[{\"@type\":\"ReadAction\",\"target\":[\"https:\\\/\\\/madtools.it\\\/missioni-e-valori\\\/\"]}]},{\"@type\":\"ImageObject\",\"inLanguage\":\"es\",\"@id\":\"https:\\\/\\\/madtools.it\\\/missioni-e-valori\\\/#primaryimage\",\"url\":\"https:\\\/\\\/madtools.it\\\/wp-content\\\/uploads\\\/2024\\\/02\\\/01AZIENDA_Mission_evalori_Hero.jpg\",\"contentUrl\":\"https:\\\/\\\/madtools.it\\\/wp-content\\\/uploads\\\/2024\\\/02\\\/01AZIENDA_Mission_evalori_Hero.jpg\",\"width\":1024,\"height\":683},{\"@type\":\"BreadcrumbList\",\"@id\":\"https:\\\/\\\/madtools.it\\\/missioni-e-valori\\\/#breadcrumb\",\"itemListElement\":[{\"@type\":\"ListItem\",\"position\":1,\"name\":\"Home\",\"item\":\"https:\\\/\\\/madtools.it\\\/es\\\/\"},{\"@type\":\"ListItem\",\"position\":2,\"name\":\"Misi\u00f3n y valores\"}]},{\"@type\":\"WebSite\",\"@id\":\"https:\\\/\\\/madtools.it\\\/#website\",\"url\":\"https:\\\/\\\/madtools.it\\\/\",\"name\":\"MadTools\",\"description\":\"\",\"potentialAction\":[{\"@type\":\"SearchAction\",\"target\":{\"@type\":\"EntryPoint\",\"urlTemplate\":\"https:\\\/\\\/madtools.it\\\/?s={search_term_string}\"},\"query-input\":{\"@type\":\"PropertyValueSpecification\",\"valueRequired\":true,\"valueName\":\"search_term_string\"}}],\"inLanguage\":\"es\"}]}<\/script>\n<!-- \/ Yoast SEO plugin. -->","yoast_head_json":{"title":"Misi\u00f3n y valores - MadTools","robots":{"index":"index","follow":"follow","max-snippet":"max-snippet:-1","max-image-preview":"max-image-preview:large","max-video-preview":"max-video-preview:-1"},"canonical":"https:\/\/madtools.it\/missioni-e-valori\/","og_locale":"es_ES","og_type":"article","og_title":"Misi\u00f3n y valores - MadTools","og_description":"Nuestra misi\u00f3n, nuestros valores Al igual que cualquier m\u00e1quina bien construida, estamos convencidos de que una empresa tambi\u00e9n debe tener como base un proyecto estudiado hasta el \u00faltimo detalle, as\u00ed como una estructura s\u00f3lida y compartida por todos. \u2028Por este motivo, hemos creado un verdadero \u00abmanifiesto\u00bb de lo que es MadTools y de lo que [&hellip;]","og_url":"https:\/\/madtools.it\/missioni-e-valori\/","og_site_name":"MadTools","article_modified_time":"2024-03-29T13:18:25+00:00","og_image":[{"width":1024,"height":683,"url":"https:\/\/madtools.it\/wp-content\/uploads\/2024\/02\/01AZIENDA_Mission_evalori_Hero.jpg","type":"image\/jpeg"}],"twitter_card":"summary_large_image","twitter_misc":{"Tiempo de lectura":"1 minuto"},"schema":{"@context":"https:\/\/schema.org","@graph":[{"@type":"WebPage","@id":"https:\/\/madtools.it\/missioni-e-valori\/","url":"https:\/\/madtools.it\/missioni-e-valori\/","name":"Misi\u00f3n y valores - MadTools","isPartOf":{"@id":"https:\/\/madtools.it\/#website"},"primaryImageOfPage":{"@id":"https:\/\/madtools.it\/missioni-e-valori\/#primaryimage"},"image":{"@id":"https:\/\/madtools.it\/missioni-e-valori\/#primaryimage"},"thumbnailUrl":"https:\/\/madtools.it\/wp-content\/uploads\/2024\/02\/01AZIENDA_Mission_evalori_Hero.jpg","datePublished":"2024-01-16T09:15:44+00:00","dateModified":"2024-03-29T13:18:25+00:00","breadcrumb":{"@id":"https:\/\/madtools.it\/missioni-e-valori\/#breadcrumb"},"inLanguage":"es","potentialAction":[{"@type":"ReadAction","target":["https:\/\/madtools.it\/missioni-e-valori\/"]}]},{"@type":"ImageObject","inLanguage":"es","@id":"https:\/\/madtools.it\/missioni-e-valori\/#primaryimage","url":"https:\/\/madtools.it\/wp-content\/uploads\/2024\/02\/01AZIENDA_Mission_evalori_Hero.jpg","contentUrl":"https:\/\/madtools.it\/wp-content\/uploads\/2024\/02\/01AZIENDA_Mission_evalori_Hero.jpg","width":1024,"height":683},{"@type":"BreadcrumbList","@id":"https:\/\/madtools.it\/missioni-e-valori\/#breadcrumb","itemListElement":[{"@type":"ListItem","position":1,"name":"Home","item":"https:\/\/madtools.it\/es\/"},{"@type":"ListItem","position":2,"name":"Misi\u00f3n y valores"}]},{"@type":"WebSite","@id":"https:\/\/madtools.it\/#website","url":"https:\/\/madtools.it\/","name":"MadTools","description":"","potentialAction":[{"@type":"SearchAction","target":{"@type":"EntryPoint","urlTemplate":"https:\/\/madtools.it\/?s={search_term_string}"},"query-input":{"@type":"PropertyValueSpecification","valueRequired":true,"valueName":"search_term_string"}}],"inLanguage":"es"}]}},"_links":{"self":[{"href":"https:\/\/madtools.it\/es\/wp-json\/wp\/v2\/pages\/1311","targetHints":{"allow":["GET"]}}],"collection":[{"href":"https:\/\/madtools.it\/es\/wp-json\/wp\/v2\/pages"}],"about":[{"href":"https:\/\/madtools.it\/es\/wp-json\/wp\/v2\/types\/page"}],"author":[{"embeddable":true,"href":"https:\/\/madtools.it\/es\/wp-json\/wp\/v2\/users\/1"}],"replies":[{"embeddable":true,"href":"https:\/\/madtools.it\/es\/wp-json\/wp\/v2\/comments?post=1311"}],"version-history":[{"count":2,"href":"https:\/\/madtools.it\/es\/wp-json\/wp\/v2\/pages\/1311\/revisions"}],"predecessor-version":[{"id":1324,"href":"https:\/\/madtools.it\/es\/wp-json\/wp\/v2\/pages\/1311\/revisions\/1324"}],"wp:featuredmedia":[{"embeddable":true,"href":"https:\/\/madtools.it\/es\/wp-json\/wp\/v2\/media\/1313"}],"wp:attachment":[{"href":"https:\/\/madtools.it\/es\/wp-json\/wp\/v2\/media?parent=1311"}],"curies":[{"name":"wp","href":"https:\/\/api.w.org\/{rel}","templated":true}]}}